{"id":109,"date":"2025-01-28T20:29:58","date_gmt":"2025-01-28T20:29:58","guid":{"rendered":"https:\/\/av-melchow.de\/?page_id=109"},"modified":"2026-01-25T12:57:47","modified_gmt":"2026-01-25T12:57:47","slug":"der-verein-2","status":"publish","type":"page","link":"https:\/\/avmelchow.de\/?page_id=109","title":{"rendered":"Der Verein"},"content":{"rendered":"\t\t<div data-elementor-type=\"wp-page\" data-elementor-id=\"109\" class=\"elementor elementor-109\">\n\t\t\t\t<div class=\"elementor-element elementor-element-7eae0ab e-flex e-con-boxed e-con e-parent\" data-id=\"7eae0ab\" data-element_type=\"container\" data-e-type=\"container\" data-settings=\"{&quot;background_background&quot;:&quot;classic&quot;}\">\n\t\t\t\t\t<div class=\"e-con-inner\">\n\t\t<div class=\"elementor-element elementor-element-6682405 e-con-full e-flex e-con e-child\" data-id=\"6682405\" data-element_type=\"container\" data-e-type=\"container\">\n\t\t<div class=\"elementor-element elementor-element-5ecc42d e-con-full e-flex e-con e-child\" data-id=\"5ecc42d\" data-element_type=\"container\" data-e-type=\"container\">\n\t\t\t\t<div class=\"elementor-element elementor-element-f3277c1 elementor-widget elementor-widget-heading\" data-id=\"f3277c1\" data-element_type=\"widget\" data-e-type=\"widget\" data-widget_type=\"heading.default\">\n\t\t\t\t<div class=\"elementor-widget-container\">\n\t\t\t\t\t<h2 class=\"elementor-heading-title elementor-size-default\">Informationen zum Verein<\/h2>\t\t\t\t<\/div>\n\t\t\t\t<\/div>\n\t\t\t\t<div class=\"elementor-element elementor-element-939e512 elementor-widget elementor-widget-heading\" data-id=\"939e512\" data-element_type=\"widget\" data-e-type=\"widget\" data-widget_type=\"heading.default\">\n\t\t\t\t<div class=\"elementor-widget-container\">\n\t\t\t\t\t<h5 class=\"elementor-heading-title elementor-size-default\">Stand: 29. Juni 2025<\/h5>\t\t\t\t<\/div>\n\t\t\t\t<\/div>\n\t\t\t\t<\/div>\n\t\t<div class=\"elementor-element elementor-element-ea07d89 e-con-full e-flex elementor-invisible e-con e-child\" data-id=\"ea07d89\" data-element_type=\"container\" data-e-type=\"container\" data-settings=\"{&quot;animation&quot;:&quot;fadeIn&quot;}\">\n\t\t\t\t<div class=\"elementor-element elementor-element-ad58c19 elementor-widget elementor-widget-heading\" data-id=\"ad58c19\" data-element_type=\"widget\" data-e-type=\"widget\" data-widget_type=\"heading.default\">\n\t\t\t\t<div class=\"elementor-widget-container\">\n\t\t\t\t\t<h3 class=\"elementor-heading-title elementor-size-default\">Organisation und Ziele<\/h3>\t\t\t\t<\/div>\n\t\t\t\t<\/div>\n\t\t\t\t<div class=\"elementor-element elementor-element-798110c elementor-widget elementor-widget-text-editor\" data-id=\"798110c\" data-element_type=\"widget\" data-e-type=\"widget\" data-widget_type=\"text-editor.default\">\n\t\t\t\t<div class=\"elementor-widget-container\">\n\t\t\t\t\t\t\t\t\t<p><strong><a href=\"https:\/\/av-melchow.de\/wp-content\/uploads\/2025\/01\/gruender.jpg\"><img fetchpriority=\"high\" decoding=\"async\" class=\"alignleft wp-image-584 \" src=\"https:\/\/av-melchow.de\/wp-content\/uploads\/2025\/01\/gruender-300x213.jpg\" alt=\"\" width=\"317\" height=\"225\" srcset=\"https:\/\/avmelchow.de\/wp-content\/uploads\/2025\/01\/gruender-300x213.jpg 300w, https:\/\/avmelchow.de\/wp-content\/uploads\/2025\/01\/gruender.jpg 469w\" sizes=\"(max-width: 317px) 100vw, 317px\" \/><\/a><\/strong><\/p><p>Unser Verein wurde am 11.11.1969 gegr\u00fcndet und verf\u00fcgt somit \u00fcber eine lange Tradition, die durch die aktive Gestaltung vieler engagierter Mitglieder bestimmt wurde.<\/p><p>Der Anglerverein Melchow ist Mitglied im <a href=\"https:\/\/www.angeln-barnim.de\/\">Kreisanglerverband (KAV) Barnim<\/a>. Der Kreisangler verband vertritt die Interessen von rund 3.000 Angler*innen im Barnim und ist wiederum Mitglied im <a href=\"https:\/\/www.lavb.de\/\">Landesanglerverband Brandenburg e.V. (LAVB)<\/a>. Als anerkannter Naturschutzverband, ist er mit seinen 96.000 Mitgliedern, der mitgliederst\u00e4rkste Naturschutzverband in Brandenburg.<\/p><p>Unseren Mitgliedern stehen allein im Kreis Barnim 47 Gew\u00e4sser (siehe Gew\u00e4sserverzeichnis KAV Barnim) zur Verf\u00fcgung, bundesweit d\u00fcrfen alle DAFV-Gew\u00e4sser beangelt werden.<\/p><p>Die Mitglieder des AV Melchow sind berechtigt in allen LAVB Gew\u00e4ssern (rd. 12.000 ha) kostenfrei das Angelfischen aus zu \u00fcben. Intensive Bem\u00fchungen des Landesanglerverbandes erm\u00f6glichen allen interessierten B\u00fcrgern, unabh\u00e4ngig von ihrem Wohnort, ihrer Vereinszugeh\u00f6rigkeit oder sozialen Lage, Voraussetzungen f\u00fcr die Erholung in der Natur und eine erfolgreiche Fischweid zu schaffen und zu erhalten. Die von den Landesverb\u00e4nden erworbenen und gepachteten Gew\u00e4sser stehen grunds\u00e4tzlich allen interessierten Verbandsmitgliedern zu Angeln offen.<\/p><p>In der Kinderanglerschule des KAV werden von erfahrenen Angelfreunden unsere j\u00fcngsten auf den waid- und hegegerechten Umgang in der Natur und dem Umgang mit dem Angelger\u00e4t vorbereitet. Auch die Begleitung bis zum Ablegen der Fischereischeinpr\u00fcfung ist sichergestellt. Hier wird niemand allein gelassen.<\/p><p>Der Angelverein Melchow organisiert gemeinsame Anglertreffs, Hegefischen sowie\u00a0 Herings- u. Raubfischangeln.. Sommerfeste und Familienangeln sind immer wieder ein Ereignis f\u00fcr Jung und Alt.<\/p><p>Unser Verein verf\u00fcgt einen eigenen Kahn auf dem Schw\u00e4rzesee, der von allen Mitgliedern kostenlos genutzt werden kann.<\/p>\t\t\t\t\t\t\t\t<\/div>\n\t\t\t\t<\/div>\n\t\t\t\t<\/div>\n\t\t<div class=\"elementor-element elementor-element-ecf13c9 e-con-full e-flex e-con e-child\" data-id=\"ecf13c9\" data-element_type=\"container\" data-e-type=\"container\">\n\t\t\t\t<div class=\"elementor-element elementor-element-4c99429 elementor-widget elementor-widget-image\" data-id=\"4c99429\" data-element_type=\"widget\" data-e-type=\"widget\" data-widget_type=\"image.default\">\n\t\t\t\t<div class=\"elementor-widget-container\">\n\t\t\t\t\t\t\t\t\t\t\t\t\t\t\t<img decoding=\"async\" width=\"1000\" height=\"699\" src=\"https:\/\/avmelchow.de\/wp-content\/uploads\/2025\/06\/Pyramide_AV-Melchow.png\" class=\"attachment-large size-large wp-image-952\" alt=\"\" srcset=\"https:\/\/avmelchow.de\/wp-content\/uploads\/2025\/06\/Pyramide_AV-Melchow.png 1000w, https:\/\/avmelchow.de\/wp-content\/uploads\/2025\/06\/Pyramide_AV-Melchow-300x210.png 300w, https:\/\/avmelchow.de\/wp-content\/uploads\/2025\/06\/Pyramide_AV-Melchow-768x537.png 768w, https:\/\/avmelchow.de\/wp-content\/uploads\/2025\/06\/Pyramide_AV-Melchow-600x419.png 600w\" sizes=\"(max-width: 1000px) 100vw, 1000px\" \/>\t\t\t\t\t\t\t\t\t\t\t\t\t\t\t<\/div>\n\t\t\t\t<\/div>\n\t\t\t\t<\/div>\n\t\t\t\t<\/div>\n\t\t\t\t\t<\/div>\n\t\t\t\t<\/div>\n\t\t<div class=\"elementor-element elementor-element-5f9545e e-flex e-con-boxed e-con e-parent\" data-id=\"5f9545e\" data-element_type=\"container\" data-e-type=\"container\">\n\t\t\t\t\t<div class=\"e-con-inner\">\n\t\t\t\t<div class=\"elementor-element elementor-element-39e66aa elementor-widget-divider--view-line elementor-widget elementor-widget-divider\" data-id=\"39e66aa\" data-element_type=\"widget\" data-e-type=\"widget\" data-widget_type=\"divider.default\">\n\t\t\t\t<div class=\"elementor-widget-container\">\n\t\t\t\t\t\t\t<div class=\"elementor-divider\">\n\t\t\t<span class=\"elementor-divider-separator\">\n\t\t\t\t\t\t<\/span>\n\t\t<\/div>\n\t\t\t\t\t\t<\/div>\n\t\t\t\t<\/div>\n\t\t\t\t\t<\/div>\n\t\t\t\t<\/div>\n\t\t<div class=\"elementor-element elementor-element-24053bc e-flex e-con-boxed e-con e-parent\" data-id=\"24053bc\" data-element_type=\"container\" data-e-type=\"container\" data-settings=\"{&quot;background_background&quot;:&quot;classic&quot;}\">\n\t\t\t\t\t<div class=\"e-con-inner\">\n\t\t\t\t<div class=\"elementor-element elementor-element-a0b9eea elementor-widget elementor-widget-heading\" data-id=\"a0b9eea\" data-element_type=\"widget\" data-e-type=\"widget\" data-widget_type=\"heading.default\">\n\t\t\t\t<div class=\"elementor-widget-container\">\n\t\t\t\t\t<h2 class=\"elementor-heading-title elementor-size-default\">Vorstand<\/h2>\t\t\t\t<\/div>\n\t\t\t\t<\/div>\n\t\t\t\t<div class=\"elementor-element elementor-element-1cd4a30 elementor-widget elementor-widget-heading\" data-id=\"1cd4a30\" data-element_type=\"widget\" data-e-type=\"widget\" data-widget_type=\"heading.default\">\n\t\t\t\t<div class=\"elementor-widget-container\">\n\t\t\t\t\t<h5 class=\"elementor-heading-title elementor-size-default\">Stand: 29. Juni 2025<\/h5>\t\t\t\t<\/div>\n\t\t\t\t<\/div>\n\t\t\t\t<div class=\"elementor-element elementor-element-692238a elementor-widget elementor-widget-text-editor\" data-id=\"692238a\" data-element_type=\"widget\" data-e-type=\"widget\" data-widget_type=\"text-editor.default\">\n\t\t\t\t<div class=\"elementor-widget-container\">\n\t\t\t\t\t\t\t\t\t<h5><strong>Vereinsvorsitzender<\/strong><\/h5><p>Frank Neumann<\/p><h5><strong>Stellvertretender Vorsitzender<\/strong><\/h5><p>J\u00fcrgen Teltow<\/p><h5><strong>Schatzmeister<\/strong><\/h5><p>Reiner Speer<strong><br \/><\/strong><\/p><h5><strong>Kassenrevisor<\/strong><\/h5><p>Janice Neu<\/p><p>\u00a0<\/p><p>\u00a0<\/p>\t\t\t\t\t\t\t\t<\/div>\n\t\t\t\t<\/div>\n\t\t\t\t<div class=\"elementor-element elementor-element-c8266a1 elementor-widget elementor-widget-heading\" data-id=\"c8266a1\" data-element_type=\"widget\" data-e-type=\"widget\" data-widget_type=\"heading.default\">\n\t\t\t\t<div class=\"elementor-widget-container\">\n\t\t\t\t\t<h2 class=\"elementor-heading-title elementor-size-default\">sonstige Funktionen<\/h2>\t\t\t\t<\/div>\n\t\t\t\t<\/div>\n\t\t\t\t<div class=\"elementor-element elementor-element-b803bfa elementor-widget elementor-widget-text-editor\" data-id=\"b803bfa\" data-element_type=\"widget\" data-e-type=\"widget\" data-widget_type=\"text-editor.default\">\n\t\t\t\t<div class=\"elementor-widget-container\">\n\t\t\t\t\t\t\t\t\t<h5><strong>Jugendarbeit<\/strong><\/h5><p>Marek Sa\u00df<\/p><h5><strong>Beitragserfasser<\/strong><\/h5><p>Andreas Bergener<\/p><h5><strong>Webmaster<\/strong><\/h5><p>Rick Bergener<\/p><p>\u00a0<\/p><p>\u00a0<\/p>\t\t\t\t\t\t\t\t<\/div>\n\t\t\t\t<\/div>\n\t\t\t\t<div class=\"elementor-element elementor-element-cf7544d elementor-widget elementor-widget-heading\" data-id=\"cf7544d\" data-element_type=\"widget\" data-e-type=\"widget\" data-widget_type=\"heading.default\">\n\t\t\t\t<div class=\"elementor-widget-container\">\n\t\t\t\t\t<h2 class=\"elementor-heading-title elementor-size-default\">Kontakt<\/h2>\t\t\t\t<\/div>\n\t\t\t\t<\/div>\n\t\t\t\t<div class=\"elementor-element elementor-element-a0d2103 elementor-widget elementor-widget-text-editor\" data-id=\"a0d2103\" data-element_type=\"widget\" data-e-type=\"widget\" data-widget_type=\"text-editor.default\">\n\t\t\t\t<div class=\"elementor-widget-container\">\n\t\t\t\t\t\t\t\t\t<div class=\"elementor-element elementor-element-3aa193c elementor-widget elementor-widget-text-editor\" data-id=\"3aa193c\" data-element_type=\"widget\" data-widget_type=\"text-editor.default\"><div class=\"elementor-widget-container\"><p>Telefon: 03337\/490234<br \/>E-Mail: <a href=\"mailto:info@avmelchow.de\">info@avmelchow.de<\/a><\/p><\/div><\/div>\t\t\t\t\t\t\t\t<\/div>\n\t\t\t\t<\/div>\n\t\t\t\t\t<\/div>\n\t\t\t\t<\/div>\n\t\t<div class=\"elementor-element elementor-element-37ea2880 e-grid e-con-boxed e-con e-parent\" data-id=\"37ea2880\" data-element_type=\"container\" data-e-type=\"container\">\n\t\t\t\t\t<div class=\"e-con-inner\">\n\t\t\t\t<div class=\"elementor-element elementor-element-7212edb0 elementor-widget elementor-widget-text-editor\" data-id=\"7212edb0\" data-element_type=\"widget\" data-e-type=\"widget\" data-widget_type=\"text-editor.default\">\n\t\t\t\t<div class=\"elementor-widget-container\">\n\t\t\t\t\t\t\t\t\t<p><span style=\"color: #14ddee;\"><strong>\u00a92025-2026 Angelverein Melchow e.V.<\/strong><\/span><\/p>\t\t\t\t\t\t\t\t<\/div>\n\t\t\t\t<\/div>\n\t\t\t\t<div class=\"elementor-element elementor-element-5272c7de elementor-widget elementor-widget-text-editor\" data-id=\"5272c7de\" data-element_type=\"widget\" data-e-type=\"widget\" data-widget_type=\"text-editor.default\">\n\t\t\t\t<div class=\"elementor-widget-container\">\n\t\t\t\t\t\t\t\t\t<p style=\"text-align: right;\"><span style=\"color: #14ddee;\"><strong><a style=\"color: #14ddee;\" href=\"https:\/\/av-melchow.de\/?page_id=151\">Impressum<\/a>\u00a0 &#8211;\u00a0 <\/strong><a style=\"color: #14ddee;\" href=\"https:\/\/av-melchow.de\/?page_id=156\"><strong>Datenschutz<\/strong><\/a><\/span><\/p>\t\t\t\t\t\t\t\t<\/div>\n\t\t\t\t<\/div>\n\t\t\t\t\t<\/div>\n\t\t\t\t<\/div>\n\t\t\t\t<\/div>\n\t\t","protected":false},"excerpt":{"rendered":"<p>Informationen zum Verein Stand: 29. Juni 2025 Organisation und Ziele Unser Verein wurde am 11.11.1969 gegr\u00fcndet und verf\u00fcgt somit \u00fcber eine lange Tradition, die durch die aktive Gestaltung vieler engagierter Mitglieder bestimmt wurde. Der Anglerverein Melchow ist Mitglied im Kreisanglerverband (KAV) Barnim. Der Kreisangler verband vertritt die Interessen von rund 3.000 Angler*innen im Barnim und [&hellip;]<\/p>\n","protected":false},"author":1,"featured_media":0,"parent":0,"menu_order":0,"comment_status":"closed","ping_status":"closed","template":"","meta":{"footnotes":""},"class_list":["post-109","page","type-page","status-publish","hentry"],"_links":{"self":[{"href":"https:\/\/avmelchow.de\/index.php?rest_route=\/wp\/v2\/pages\/109","targetHints":{"allow":["GET"]}}],"collection":[{"href":"https:\/\/avmelchow.de\/index.php?rest_route=\/wp\/v2\/pages"}],"about":[{"href":"https:\/\/avmelchow.de\/index.php?rest_route=\/wp\/v2\/types\/page"}],"author":[{"embeddable":true,"href":"https:\/\/avmelchow.de\/index.php?rest_route=\/wp\/v2\/users\/1"}],"replies":[{"embeddable":true,"href":"https:\/\/avmelchow.de\/index.php?rest_route=%2Fwp%2Fv2%2Fcomments&post=109"}],"version-history":[{"count":70,"href":"https:\/\/avmelchow.de\/index.php?rest_route=\/wp\/v2\/pages\/109\/revisions"}],"predecessor-version":[{"id":1523,"href":"https:\/\/avmelchow.de\/index.php?rest_route=\/wp\/v2\/pages\/109\/revisions\/1523"}],"wp:attachment":[{"href":"https:\/\/avmelchow.de\/index.php?rest_route=%2Fwp%2Fv2%2Fmedia&parent=109"}],"curies":[{"name":"wp","href":"https:\/\/api.w.org\/{rel}","templated":true}]}}