{"id":1148,"date":"2025-06-29T15:49:04","date_gmt":"2025-06-29T15:49:04","guid":{"rendered":"https:\/\/avmelchow.de\/?page_id=1148"},"modified":"2025-06-29T15:49:14","modified_gmt":"2025-06-29T15:49:14","slug":"beitraege-2011","status":"publish","type":"page","link":"https:\/\/avmelchow.de\/?page_id=1148","title":{"rendered":"Beitr\u00e4ge 2011"},"content":{"rendered":"\t\t<div data-elementor-type=\"wp-page\" data-elementor-id=\"1148\" class=\"elementor elementor-1148\">\n\t\t\t\t<div class=\"elementor-element elementor-element-abc66fd e-flex e-con-boxed e-con e-parent\" data-id=\"abc66fd\" data-element_type=\"container\" data-e-type=\"container\">\n\t\t\t\t\t<div class=\"e-con-inner\">\n\t\t<div class=\"elementor-element elementor-element-80cf446 e-con-full e-flex e-con e-child\" data-id=\"80cf446\" data-element_type=\"container\" data-e-type=\"container\" data-settings=\"{&quot;background_background&quot;:&quot;classic&quot;}\">\n\t\t\t\t<div class=\"elementor-element elementor-element-2a256124 elementor-widget elementor-widget-heading\" data-id=\"2a256124\" data-element_type=\"widget\" data-e-type=\"widget\" data-widget_type=\"heading.default\">\n\t\t\t\t<div class=\"elementor-widget-container\">\n\t\t\t\t\t<h2 class=\"elementor-heading-title elementor-size-default\">Beitr\u00e4ge aus dem Jahr 2011<\/h2>\t\t\t\t<\/div>\n\t\t\t\t<\/div>\n\t\t\t\t<div class=\"elementor-element elementor-element-2bda0ca7 elementor-widget-divider--view-line elementor-widget elementor-widget-divider\" data-id=\"2bda0ca7\" data-element_type=\"widget\" data-e-type=\"widget\" data-widget_type=\"divider.default\">\n\t\t\t\t<div class=\"elementor-widget-container\">\n\t\t\t\t\t\t\t<div class=\"elementor-divider\">\n\t\t\t<span class=\"elementor-divider-separator\">\n\t\t\t\t\t\t<\/span>\n\t\t<\/div>\n\t\t\t\t\t\t<\/div>\n\t\t\t\t<\/div>\n\t\t\t\t<\/div>\n\t\t<div class=\"elementor-element elementor-element-31770790 e-con-full e-flex e-con e-child\" data-id=\"31770790\" data-element_type=\"container\" data-e-type=\"container\" data-settings=\"{&quot;background_background&quot;:&quot;classic&quot;}\">\n\t\t<div class=\"elementor-element elementor-element-750528b6 e-con-full e-flex e-con e-child\" data-id=\"750528b6\" data-element_type=\"container\" data-e-type=\"container\">\n\t\t\t\t<div class=\"elementor-element elementor-element-4317e4ac elementor-widget elementor-widget-heading\" data-id=\"4317e4ac\" data-element_type=\"widget\" data-e-type=\"widget\" data-widget_type=\"heading.default\">\n\t\t\t\t<div class=\"elementor-widget-container\">\n\t\t\t\t\t<h2 class=\"elementor-heading-title elementor-size-default\">Vereinsangeln am 13. August 2011<\/h2>\t\t\t\t<\/div>\n\t\t\t\t<\/div>\n\t\t\t\t<div class=\"elementor-element elementor-element-41963ef1 elementor-widget elementor-widget-text-editor\" data-id=\"41963ef1\" data-element_type=\"widget\" data-e-type=\"widget\" data-widget_type=\"text-editor.default\">\n\t\t\t\t<div class=\"elementor-widget-container\">\n\t\t\t\t\t\t\t\t\t<p>Der 13. August 2011 war ein gelungener Angelnachmittag, auf den unser Verein zur\u00fcck\u00adschau\u00aden darf. Leider mussten wir feststellen, dass das Wetter und auch das Hochwasser einem guten Fangerfolg im Wege standen. Au\u00dfer zwei Bleie mit \u201egef\u00fchlten\u201c 50 cm L\u00e4nge, ein paar Pl\u00f6tzen und kleinen Barschen war der Kescher leer. <br \/>Hinzukam, dass die <a href=\"http:\/\/www.einfach-natuerlich.de\/tipp.php?suche=8&amp;start=0&amp;probsuche=\" target=\"_blank\" rel=\"noopener\">M\u00fccken<\/a> an diesem Abend extrem hungrig waren und selbst die <a href=\"http:\/\/www.blog.de\/tb\/a\/r\/gesundheit-tipps-trends\/natuerlicher-mueckenschutz\/6097036\/\" target=\"_blank\" rel=\"noopener\">besten Mittelchen<\/a> keinen echten Schutz boten.<br \/>Die Oder ist ein wirklich sch\u00f6ner Angelplatz. Alle Teilnehmer waren sich einig, dass dies auf jeden Fall einer Wiederholung w\u00fcrdig ist. F\u00fcr terminliche Vorschl\u00e4ge bitten wir die E-Mail\u00advariante unserer Website zu nutzen. Ich werde dann die Vorschl\u00e4ge an den Vorsitzenden und dem Vorstand weiterleiten.<br \/>In diesem Sinne<br \/>Petri Heil<\/p>\t\t\t\t\t\t\t\t<\/div>\n\t\t\t\t<\/div>\n\t\t\t\t<div class=\"elementor-element elementor-element-3f4130f5 elementor-widget-divider--view-line elementor-widget elementor-widget-divider\" data-id=\"3f4130f5\" data-element_type=\"widget\" data-e-type=\"widget\" data-widget_type=\"divider.default\">\n\t\t\t\t<div class=\"elementor-widget-container\">\n\t\t\t\t\t\t\t<div class=\"elementor-divider\">\n\t\t\t<span class=\"elementor-divider-separator\">\n\t\t\t\t\t\t<\/span>\n\t\t<\/div>\n\t\t\t\t\t\t<\/div>\n\t\t\t\t<\/div>\n\t\t\t\t<\/div>\n\t\t\t\t<\/div>\n\t\t<div class=\"elementor-element elementor-element-14ae80db e-con-full e-flex e-con e-child\" data-id=\"14ae80db\" data-element_type=\"container\" data-e-type=\"container\" data-settings=\"{&quot;background_background&quot;:&quot;classic&quot;}\">\n\t\t<div class=\"elementor-element elementor-element-48d96f09 e-con-full e-flex e-con e-child\" data-id=\"48d96f09\" data-element_type=\"container\" data-e-type=\"container\">\n\t\t\t\t<div class=\"elementor-element elementor-element-38c8da2e elementor-widget elementor-widget-heading\" data-id=\"38c8da2e\" data-element_type=\"widget\" data-e-type=\"widget\" data-widget_type=\"heading.default\">\n\t\t\t\t<div class=\"elementor-widget-container\">\n\t\t\t\t\t<h2 class=\"elementor-heading-title elementor-size-default\">Nachtangeln am  am 23. Juli 2011 abgesagt<\/h2>\t\t\t\t<\/div>\n\t\t\t\t<\/div>\n\t\t\t\t<div class=\"elementor-element elementor-element-5ee6ee91 elementor-widget elementor-widget-text-editor\" data-id=\"5ee6ee91\" data-element_type=\"widget\" data-e-type=\"widget\" data-widget_type=\"text-editor.default\">\n\t\t\t\t<div class=\"elementor-widget-container\">\n\t\t\t\t\t\t\t\t\t<p>Liebe Angelfreunde unseres Ortsvereins Melchow,<\/p><p>leider musste auf Grund der vorherrschenden Witterungsbedingungen unser f\u00fcr den 23. Juli 2011 angesetztes Nachtangeln abgesagt werden.<br \/>Wir wollen jedoch nicht unsere Angelkarten verfallen lassen und somit wurde kurzfristig der Termin nun auf den 13. August 2011 verlegt. Wir werden uns gegen 13:00 Uhr vor dem B\u00e4cker in Melchow treffen und von dort aus gemeinsam zu unserem Angelplatz fahren. Wie lange es dort Jeder aush\u00e4lt, ist dann Jedem selbst \u00fcberlassen.<br \/>Wer also Lust, hat ist herzlich willkommen.<br \/>In diesem Sinne<br \/>Petri Heil\u2026<\/p>\t\t\t\t\t\t\t\t<\/div>\n\t\t\t\t<\/div>\n\t\t\t\t<div class=\"elementor-element elementor-element-5dff2782 elementor-widget-divider--view-line elementor-widget elementor-widget-divider\" data-id=\"5dff2782\" data-element_type=\"widget\" data-e-type=\"widget\" data-widget_type=\"divider.default\">\n\t\t\t\t<div class=\"elementor-widget-container\">\n\t\t\t\t\t\t\t<div class=\"elementor-divider\">\n\t\t\t<span class=\"elementor-divider-separator\">\n\t\t\t\t\t\t<\/span>\n\t\t<\/div>\n\t\t\t\t\t\t<\/div>\n\t\t\t\t<\/div>\n\t\t\t\t<\/div>\n\t\t\t\t<\/div>\n\t\t<div class=\"elementor-element elementor-element-4422d718 e-con-full e-flex e-con e-child\" data-id=\"4422d718\" data-element_type=\"container\" data-e-type=\"container\" data-settings=\"{&quot;background_background&quot;:&quot;classic&quot;}\">\n\t\t<div class=\"elementor-element elementor-element-3383e110 e-con-full e-flex e-con e-child\" data-id=\"3383e110\" data-element_type=\"container\" data-e-type=\"container\">\n\t\t\t\t<div class=\"elementor-element elementor-element-2ce79b79 elementor-widget elementor-widget-heading\" data-id=\"2ce79b79\" data-element_type=\"widget\" data-e-type=\"widget\" data-widget_type=\"heading.default\">\n\t\t\t\t<div class=\"elementor-widget-container\">\n\t\t\t\t\t<h2 class=\"elementor-heading-title elementor-size-default\">Neuer Angelvereinsvorstand am 01. April 2011<\/h2>\t\t\t\t<\/div>\n\t\t\t\t<\/div>\n\t\t\t\t<div class=\"elementor-element elementor-element-6b932e45 elementor-widget elementor-widget-text-editor\" data-id=\"6b932e45\" data-element_type=\"widget\" data-e-type=\"widget\" data-widget_type=\"text-editor.default\">\n\t\t\t\t<div class=\"elementor-widget-container\">\n\t\t\t\t\t\t\t\t\t<p>Liebe Angelfreunde des Angelvereins Melchow,<\/p><p>nach vielen Jahren des F\u00fchrens unseres Angelvereins hat der Angelfreund J\u00fcrgen Teltow den &#8222;Staffelstab&#8220; des Vorsitzes abgegeben. Wir m\u00f6chten uns an dieser Stelle f\u00fcr die tollen Leistungen und sein pers\u00f6nliches Engagement zum Wohle unseres Vereins bedanken und ihm weiterhin viel Gl\u00fcck f\u00fcr die Zukunft w\u00fcnschen.<\/p><p>Am 01.04.2011 wurde im Rahmen einer Mitgliederversammlung unseres Angelvereins ein neuer Vorstand gew\u00e4hlt. Wir m\u00f6chten an dieser Stelle allen Interessierten den neuen Vorstand vorstellen.<\/p><table border=\"0\" width=\"238\"><tbody><tr><td width=\"97\"><div align=\"right\">1. Vorsitzender:<\/div><\/td><td width=\"10\">\u00a0<\/td><td width=\"88\">Daniel Freier<\/td><\/tr><tr><td><div align=\"right\">2. Vorsitzender:<\/div><\/td><td>\u00a0<\/td><td>Oliver Witt<\/td><\/tr><tr><td><div align=\"right\">Kassierer:<\/div><\/td><td>\u00a0<\/td><td>Reiner Speer<\/td><\/tr><\/tbody><\/table><p><br \/>Wir w\u00fcnschen unserem neuen Vorstand viel Erfolg und eine gl\u00fcckliche Hand bei der L\u00f6sung bevorstehender Aufgaben. <\/p><p>Dank unseres &#8222;alten&#8220; Vorsitzenden befindet sich seit 2010 wieder ein funktionierendes Boot in unserem Verein. Wir m\u00f6chten allen Vereinsmitgliedern danken, die sich bei der Aufbereitung und Instandsetzung des Bootes beteiligt haben. Sie waren es letztlich, die dem alten Kahn zu neuem Glanz verholfen haben. Um eine gerechte Nutzung dieses Vereinseigentums sicherzustellen, k\u00f6nnen sich Mitglieder unseres Angelvereins an den Vorsitzenden oder den 1. Stellvertreter zum Schl\u00fcsselempfang wenden. Da es sich hierbei um Eigentum des Vereins handelt, bitten wir bei der Benutzung um einen sorgsamen Umgang, so dass m\u00f6glichst viele Angelfreunde auch zuk\u00fcnftig viel Freude mit unserem Boot haben werden.<\/p>\t\t\t\t\t\t\t\t<\/div>\n\t\t\t\t<\/div>\n\t\t\t\t<div class=\"elementor-element elementor-element-123bbb82 elementor-widget-divider--view-line elementor-widget elementor-widget-divider\" data-id=\"123bbb82\" data-element_type=\"widget\" data-e-type=\"widget\" data-widget_type=\"divider.default\">\n\t\t\t\t<div class=\"elementor-widget-container\">\n\t\t\t\t\t\t\t<div class=\"elementor-divider\">\n\t\t\t<span class=\"elementor-divider-separator\">\n\t\t\t\t\t\t<\/span>\n\t\t<\/div>\n\t\t\t\t\t\t<\/div>\n\t\t\t\t<\/div>\n\t\t\t\t<\/div>\n\t\t\t\t<\/div>\n\t\t\t\t\t<\/div>\n\t\t\t\t<\/div>\n\t\t<div class=\"elementor-element elementor-element-6d7f0d2c e-grid e-con-boxed e-con e-parent\" data-id=\"6d7f0d2c\" data-element_type=\"container\" data-e-type=\"container\">\n\t\t\t\t\t<div class=\"e-con-inner\">\n\t\t\t\t<div class=\"elementor-element elementor-element-c182de8 elementor-widget elementor-widget-heading\" data-id=\"c182de8\" data-element_type=\"widget\" data-e-type=\"widget\" data-widget_type=\"heading.default\">\n\t\t\t\t<div class=\"elementor-widget-container\">\n\t\t\t\t\t<p class=\"elementor-heading-title elementor-size-default\">\u00a92025 Angelverein Melchow e.V.<\/p>\t\t\t\t<\/div>\n\t\t\t\t<\/div>\n\t\t\t\t<div class=\"elementor-element elementor-element-89545a9 elementor-widget elementor-widget-text-editor\" data-id=\"89545a9\" data-element_type=\"widget\" data-e-type=\"widget\" data-widget_type=\"text-editor.default\">\n\t\t\t\t<div class=\"elementor-widget-container\">\n\t\t\t\t\t\t\t\t\t<p style=\"text-align: right;\"><span style=\"color: #333333;\"><strong><a style=\"color: #333333;\" href=\"https:\/\/av-melchow.de\/?page_id=151\">Impressum<\/a>\u00a0 &#8211;\u00a0 <\/strong><a style=\"color: #333333;\" href=\"https:\/\/av-melchow.de\/?page_id=156\"><strong>Datenschutz<\/strong><\/a><\/span><\/p>\t\t\t\t\t\t\t\t<\/div>\n\t\t\t\t<\/div>\n\t\t\t\t\t<\/div>\n\t\t\t\t<\/div>\n\t\t\t\t<\/div>\n\t\t","protected":false},"excerpt":{"rendered":"<p>Beitr\u00e4ge aus dem Jahr 2011 Vereinsangeln am 13. August 2011 Der 13. August 2011 war ein gelungener Angelnachmittag, auf den unser Verein zur\u00fcck\u00adschau\u00aden darf. Leider mussten wir feststellen, dass das Wetter und auch das Hochwasser einem guten Fangerfolg im Wege standen. Au\u00dfer zwei Bleie mit \u201egef\u00fchlten\u201c 50 cm L\u00e4nge, ein paar Pl\u00f6tzen und kleinen Barschen [&hellip;]<\/p>\n","protected":false},"author":3,"featured_media":0,"parent":0,"menu_order":0,"comment_status":"closed","ping_status":"closed","template":"","meta":{"footnotes":""},"class_list":["post-1148","page","type-page","status-publish","hentry"],"_links":{"self":[{"href":"https:\/\/avmelchow.de\/index.php?rest_route=\/wp\/v2\/pages\/1148","targetHints":{"allow":["GET"]}}],"collection":[{"href":"https:\/\/avmelchow.de\/index.php?rest_route=\/wp\/v2\/pages"}],"about":[{"href":"https:\/\/avmelchow.de\/index.php?rest_route=\/wp\/v2\/types\/page"}],"author":[{"embeddable":true,"href":"https:\/\/avmelchow.de\/index.php?rest_route=\/wp\/v2\/users\/3"}],"replies":[{"embeddable":true,"href":"https:\/\/avmelchow.de\/index.php?rest_route=%2Fwp%2Fv2%2Fcomments&post=1148"}],"version-history":[{"count":4,"href":"https:\/\/avmelchow.de\/index.php?rest_route=\/wp\/v2\/pages\/1148\/revisions"}],"predecessor-version":[{"id":1155,"href":"https:\/\/avmelchow.de\/index.php?rest_route=\/wp\/v2\/pages\/1148\/revisions\/1155"}],"wp:attachment":[{"href":"https:\/\/avmelchow.de\/index.php?rest_route=%2Fwp%2Fv2%2Fmedia&parent=1148"}],"curies":[{"name":"wp","href":"https:\/\/api.w.org\/{rel}","templated":true}]}}