{"id":1159,"date":"2025-06-29T16:11:40","date_gmt":"2025-06-29T16:11:40","guid":{"rendered":"https:\/\/avmelchow.de\/?page_id=1159"},"modified":"2025-06-29T16:11:59","modified_gmt":"2025-06-29T16:11:59","slug":"beitraege-2012","status":"publish","type":"page","link":"https:\/\/avmelchow.de\/?page_id=1159","title":{"rendered":"Beitr\u00e4ge 2012"},"content":{"rendered":"\t\t<div data-elementor-type=\"wp-page\" data-elementor-id=\"1159\" class=\"elementor elementor-1159\">\n\t\t\t\t<div class=\"elementor-element elementor-element-7db7373 e-flex e-con-boxed e-con e-parent\" data-id=\"7db7373\" data-element_type=\"container\" data-e-type=\"container\">\n\t\t\t\t\t<div class=\"e-con-inner\">\n\t\t<div class=\"elementor-element elementor-element-75672961 e-con-full e-flex e-con e-child\" data-id=\"75672961\" data-element_type=\"container\" data-e-type=\"container\" data-settings=\"{&quot;background_background&quot;:&quot;classic&quot;}\">\n\t\t\t\t<div class=\"elementor-element elementor-element-ae6aa9f elementor-widget elementor-widget-heading\" data-id=\"ae6aa9f\" data-element_type=\"widget\" data-e-type=\"widget\" data-widget_type=\"heading.default\">\n\t\t\t\t<div class=\"elementor-widget-container\">\n\t\t\t\t\t<h2 class=\"elementor-heading-title elementor-size-default\">Beitr\u00e4ge aus dem Jahr 2012<\/h2>\t\t\t\t<\/div>\n\t\t\t\t<\/div>\n\t\t\t\t<div class=\"elementor-element elementor-element-677a87a5 elementor-widget-divider--view-line elementor-widget elementor-widget-divider\" data-id=\"677a87a5\" data-element_type=\"widget\" data-e-type=\"widget\" data-widget_type=\"divider.default\">\n\t\t\t\t<div class=\"elementor-widget-container\">\n\t\t\t\t\t\t\t<div class=\"elementor-divider\">\n\t\t\t<span class=\"elementor-divider-separator\">\n\t\t\t\t\t\t<\/span>\n\t\t<\/div>\n\t\t\t\t\t\t<\/div>\n\t\t\t\t<\/div>\n\t\t\t\t<\/div>\n\t\t<div class=\"elementor-element elementor-element-63e3fae8 e-con-full e-flex e-con e-child\" data-id=\"63e3fae8\" data-element_type=\"container\" data-e-type=\"container\" data-settings=\"{&quot;background_background&quot;:&quot;classic&quot;}\">\n\t\t<div class=\"elementor-element elementor-element-10005c29 e-con-full e-flex e-con e-child\" data-id=\"10005c29\" data-element_type=\"container\" data-e-type=\"container\">\n\t\t\t\t<div class=\"elementor-element elementor-element-71eb32dc elementor-widget elementor-widget-heading\" data-id=\"71eb32dc\" data-element_type=\"widget\" data-e-type=\"widget\" data-widget_type=\"heading.default\">\n\t\t\t\t<div class=\"elementor-widget-container\">\n\t\t\t\t\t<h2 class=\"elementor-heading-title elementor-size-default\">Veranstaltungen 2012<\/h2>\t\t\t\t<\/div>\n\t\t\t\t<\/div>\n\t\t\t\t<div class=\"elementor-element elementor-element-6e280439 elementor-widget elementor-widget-text-editor\" data-id=\"6e280439\" data-element_type=\"widget\" data-e-type=\"widget\" data-widget_type=\"text-editor.default\">\n\t\t\t\t<div class=\"elementor-widget-container\">\n\t\t\t\t\t\t\t\t\t<p><strong>Veranstaltungen 2012<\/strong><\/p><p>Aktueller Terminkalender &#8211; <a href=\"http:\/\/avmelchow.de\/wp-content\/documents\/2011-04_Termine-AV-Melchow-2011.pdf\" target=\"_blank\" rel=\"noopener\">Termine 2012 als PDF<\/a><\/p><table border=\"0\" width=\"672\"><tbody><tr><td valign=\"top\"><p><strong>10.02.2012<br \/><\/strong><\/p><\/td><td valign=\"top\"><p><strong>19:00<\/strong><strong><br \/><\/strong><\/p><\/td><td valign=\"top\"><p><strong>Versammlung, Gasthaus &#8222;Melchower Krug&#8220;<br \/><u>Letzter Termin f\u00fcr die Bezahlung der Beitragsmarken 2012!<\/u><\/strong><\/p><\/td><\/tr><tr><td valign=\"top\">01.04.2012<\/td><td valign=\"top\">06:00<\/td><td valign=\"top\">1. Hegefischen &#8222;Pokal des Angelhauses Barnim&#8220;, Finowkanal Finowfurt <strong>* <\/strong><\/td><\/tr><tr><td valign=\"top\"><strong>12.05.2012<\/strong><\/td><td valign=\"top\"><strong>05:00<\/strong><\/td><td valign=\"top\"><div align=\"justify\"><strong>Hornhechtangeln AV Melchow auf dem Strelasund<\/strong><\/div><\/td><\/tr><tr><td valign=\"top\">15.05.2012<\/td><td valign=\"top\">05:00<\/td><td valign=\"top\">2. Hegefischen KAV, Oder-Havel-Kanal, Sportplatz Oderberg <strong>*<br \/><\/strong><\/td><\/tr><tr><td valign=\"top\">03.06.2012<\/td><td valign=\"top\">05:00<\/td><td valign=\"top\">3. Hegefischen KAV, &#8222;Pokal des Pr\u00e4sidenten des KAV&#8220;, Oder-Havel-Kanal, M\u00e4ckerseebr\u00fccke <strong>*<br \/><\/strong><\/td><\/tr><tr><td valign=\"top\">24.06.2012<\/td><td valign=\"top\">05:00<\/td><td valign=\"top\">4. Hegefischen &#8222;Pokal des Angelcenters Erberswalde&#8220;, Oder-Havel-Kanal, Eberswalde Nordend<strong> *<br \/><\/strong><\/td><\/tr><tr><td valign=\"top\"><strong>21.07.2012<\/strong><\/td><td valign=\"top\"><strong>17:00<\/strong><\/td><td valign=\"top\"><strong>Nachtangeln AV Melchow<br \/><\/strong><\/td><\/tr><tr><td valign=\"top\">23.09.2012<\/td><td valign=\"top\">06:00<\/td><td valign=\"top\">5. Hegefischen, Oder-Havel-Kanal, Kaufland (Eberswalde) *<\/td><\/tr><tr><td valign=\"top\"><strong>29.09.2012<\/strong><\/td><td valign=\"top\"><strong>08:00<\/strong><\/td><td valign=\"top\"><strong>Abangeln, AV Melchow <\/strong><\/td><\/tr><tr><td valign=\"top\"><strong>14.12.2012<\/strong><\/td><td valign=\"top\"><strong>19:00<\/strong><\/td><td valign=\"top\"><strong>Mitgliederversammlung, Jahresabschluss 2012<br \/><\/strong><\/td><\/tr><tr><td valign=\"top\">\u00a0<\/td><td valign=\"top\">\u00a0<\/td><td valign=\"top\">\u00a0<\/td><\/tr><tr><td valign=\"top\"><strong>Hinweis:<\/strong><\/td><td valign=\"top\">\u00a0<\/td><td valign=\"top\"><strong>F\u00fcr alle KAV Veranstaltungen erfolgt die Anmeldung neuerdings vor Ort!<\/strong><\/td><\/tr><tr><td valign=\"top\">\u00a0<\/td><td valign=\"top\">\u00a0<\/td><td valign=\"top\">\u00a0<\/td><\/tr><tr><td valign=\"top\">\u00a0<\/td><td valign=\"top\">\u00a0<\/td><td valign=\"top\"><div class=\"Stil3\" align=\"center\">AV Melchow e.V.<br \/>Daniel Freier, Tel. 03337\/41147<br \/>16230 Melchow, Alte Dorfstr. 21<\/div><\/td><\/tr><\/tbody><\/table>\t\t\t\t\t\t\t\t<\/div>\n\t\t\t\t<\/div>\n\t\t\t\t<div class=\"elementor-element elementor-element-5352d41f elementor-widget-divider--view-line elementor-widget elementor-widget-divider\" data-id=\"5352d41f\" data-element_type=\"widget\" data-e-type=\"widget\" data-widget_type=\"divider.default\">\n\t\t\t\t<div class=\"elementor-widget-container\">\n\t\t\t\t\t\t\t<div class=\"elementor-divider\">\n\t\t\t<span class=\"elementor-divider-separator\">\n\t\t\t\t\t\t<\/span>\n\t\t<\/div>\n\t\t\t\t\t\t<\/div>\n\t\t\t\t<\/div>\n\t\t\t\t<\/div>\n\t\t\t\t<\/div>\n\t\t\t\t\t<\/div>\n\t\t\t\t<\/div>\n\t\t<div class=\"elementor-element elementor-element-3e6c5867 e-grid e-con-boxed e-con e-parent\" data-id=\"3e6c5867\" data-element_type=\"container\" data-e-type=\"container\">\n\t\t\t\t\t<div class=\"e-con-inner\">\n\t\t\t\t<div class=\"elementor-element elementor-element-68efb8fa elementor-widget elementor-widget-heading\" data-id=\"68efb8fa\" data-element_type=\"widget\" data-e-type=\"widget\" data-widget_type=\"heading.default\">\n\t\t\t\t<div class=\"elementor-widget-container\">\n\t\t\t\t\t<p class=\"elementor-heading-title elementor-size-default\">\u00a92025 Angelverein Melchow e.V.<\/p>\t\t\t\t<\/div>\n\t\t\t\t<\/div>\n\t\t\t\t<div class=\"elementor-element elementor-element-387841e4 elementor-widget elementor-widget-text-editor\" data-id=\"387841e4\" data-element_type=\"widget\" data-e-type=\"widget\" data-widget_type=\"text-editor.default\">\n\t\t\t\t<div class=\"elementor-widget-container\">\n\t\t\t\t\t\t\t\t\t<p style=\"text-align: right;\"><span style=\"color: #333333;\"><strong><a style=\"color: #333333;\" href=\"https:\/\/av-melchow.de\/?page_id=151\">Impressum<\/a>\u00a0 &#8211;\u00a0 <\/strong><a style=\"color: #333333;\" href=\"https:\/\/av-melchow.de\/?page_id=156\"><strong>Datenschutz<\/strong><\/a><\/span><\/p>\t\t\t\t\t\t\t\t<\/div>\n\t\t\t\t<\/div>\n\t\t\t\t\t<\/div>\n\t\t\t\t<\/div>\n\t\t\t\t<\/div>\n\t\t","protected":false},"excerpt":{"rendered":"<p>Beitr\u00e4ge aus dem Jahr 2012 Veranstaltungen 2012 Veranstaltungen 2012 Aktueller Terminkalender &#8211; Termine 2012 als PDF 10.02.2012 19:00 Versammlung, Gasthaus &#8222;Melchower Krug&#8220;Letzter Termin f\u00fcr die Bezahlung der Beitragsmarken 2012! 01.04.2012 06:00 1. Hegefischen &#8222;Pokal des Angelhauses Barnim&#8220;, Finowkanal Finowfurt * 12.05.2012 05:00 Hornhechtangeln AV Melchow auf dem Strelasund 15.05.2012 05:00 2. Hegefischen KAV, Oder-Havel-Kanal, Sportplatz [&hellip;]<\/p>\n","protected":false},"author":3,"featured_media":0,"parent":0,"menu_order":0,"comment_status":"closed","ping_status":"closed","template":"","meta":{"footnotes":""},"class_list":["post-1159","page","type-page","status-publish","hentry"],"_links":{"self":[{"href":"https:\/\/avmelchow.de\/index.php?rest_route=\/wp\/v2\/pages\/1159","targetHints":{"allow":["GET"]}}],"collection":[{"href":"https:\/\/avmelchow.de\/index.php?rest_route=\/wp\/v2\/pages"}],"about":[{"href":"https:\/\/avmelchow.de\/index.php?rest_route=\/wp\/v2\/types\/page"}],"author":[{"embeddable":true,"href":"https:\/\/avmelchow.de\/index.php?rest_route=\/wp\/v2\/users\/3"}],"replies":[{"embeddable":true,"href":"https:\/\/avmelchow.de\/index.php?rest_route=%2Fwp%2Fv2%2Fcomments&post=1159"}],"version-history":[{"count":7,"href":"https:\/\/avmelchow.de\/index.php?rest_route=\/wp\/v2\/pages\/1159\/revisions"}],"predecessor-version":[{"id":1176,"href":"https:\/\/avmelchow.de\/index.php?rest_route=\/wp\/v2\/pages\/1159\/revisions\/1176"}],"wp:attachment":[{"href":"https:\/\/avmelchow.de\/index.php?rest_route=%2Fwp%2Fv2%2Fmedia&parent=1159"}],"curies":[{"name":"wp","href":"https:\/\/api.w.org\/{rel}","templated":true}]}}