{"id":240,"date":"2025-01-29T10:35:24","date_gmt":"2025-01-29T10:35:24","guid":{"rendered":"https:\/\/av-melchow.de\/?page_id=240"},"modified":"2026-01-25T12:45:08","modified_gmt":"2026-01-25T12:45:08","slug":"archiv","status":"publish","type":"page","link":"https:\/\/avmelchow.de\/?page_id=240","title":{"rendered":"Archiv"},"content":{"rendered":"\t\t<div data-elementor-type=\"wp-page\" data-elementor-id=\"240\" class=\"elementor elementor-240\">\n\t\t\t\t<div class=\"elementor-element elementor-element-75d640a e-flex e-con-boxed e-con e-parent\" data-id=\"75d640a\" data-element_type=\"container\" data-e-type=\"container\" data-settings=\"{&quot;background_background&quot;:&quot;classic&quot;}\">\n\t\t\t\t\t<div class=\"e-con-inner\">\n\t\t<div class=\"elementor-element elementor-element-bc921bf e-con-full e-flex e-con e-child\" data-id=\"bc921bf\" data-element_type=\"container\" data-e-type=\"container\">\n\t\t\t\t<div class=\"elementor-element elementor-element-eddf7af elementor-widget elementor-widget-heading\" data-id=\"eddf7af\" data-element_type=\"widget\" data-e-type=\"widget\" data-widget_type=\"heading.default\">\n\t\t\t\t<div class=\"elementor-widget-container\">\n\t\t\t\t\t<h2 class=\"elementor-heading-title elementor-size-default\">Beitragsarchiv des AV Melchow<\/h2>\t\t\t\t<\/div>\n\t\t\t\t<\/div>\n\t\t\t\t<div class=\"elementor-element elementor-element-0bdfde7 elementor-widget elementor-widget-text-editor\" data-id=\"0bdfde7\" data-element_type=\"widget\" data-e-type=\"widget\" data-widget_type=\"text-editor.default\">\n\t\t\t\t<div class=\"elementor-widget-container\">\n\t\t\t\t\t\t\t\t\t<p>Hier findet ihr eine Sammlung vergangener Beitr\u00e4ge, Artikel und Inhalte unserer Website. St\u00f6bert durch \u00e4ltere Ver\u00f6ffentlichungen, entdeckt spannende Themen aus der Vergangenheit und lasst euch inspirieren. Viel Spa\u00df beim Durchsuchen unseres Archivs!<\/p>\t\t\t\t\t\t\t\t<\/div>\n\t\t\t\t<\/div>\n\t\t\t\t<div class=\"elementor-element elementor-element-f2f6e24 elementor-widget elementor-widget-text-editor\" data-id=\"f2f6e24\" data-element_type=\"widget\" data-e-type=\"widget\" data-widget_type=\"text-editor.default\">\n\t\t\t\t<div class=\"elementor-widget-container\">\n\t\t\t\t\t\t\t\t\t<h3><a href=\"https:\/\/av-melchow.de\/?page_id=203\"><strong>Beitr\u00e4ge 2024<\/strong><\/a><\/h3><h3><strong><a href=\"https:\/\/av-melchow.de\/?page_id=417\">Beitr\u00e4ge 2023<\/a><\/strong><\/h3><h3><strong><a href=\"https:\/\/avmelchow.de\/?page_id=683\">Beitr\u00e4ge 2022<\/a><\/strong><\/h3><h3><strong><a href=\"https:\/\/avmelchow.de\/?page_id=778\">Beitr\u00e4ge 2021<\/a><\/strong><\/h3>\t\t\t\t\t\t\t\t<\/div>\n\t\t\t\t<\/div>\n\t\t\t\t<\/div>\n\t\t\t\t\t<\/div>\n\t\t\t\t<\/div>\n\t\t<div class=\"elementor-element elementor-element-25b806ba e-grid e-con-boxed e-con e-parent\" data-id=\"25b806ba\" data-element_type=\"container\" data-e-type=\"container\">\n\t\t\t\t\t<div class=\"e-con-inner\">\n\t\t\t\t<div class=\"elementor-element elementor-element-1e1e0e9c elementor-widget elementor-widget-text-editor\" data-id=\"1e1e0e9c\" data-element_type=\"widget\" data-e-type=\"widget\" data-widget_type=\"text-editor.default\">\n\t\t\t\t<div class=\"elementor-widget-container\">\n\t\t\t\t\t\t\t\t\t<p><span style=\"color: #14ddee;\"><strong>\u00a92025-2026 Angelverein Melchow e.V.<\/strong><\/span><\/p>\t\t\t\t\t\t\t\t<\/div>\n\t\t\t\t<\/div>\n\t\t\t\t<div class=\"elementor-element elementor-element-570984a1 elementor-widget elementor-widget-text-editor\" data-id=\"570984a1\" data-element_type=\"widget\" data-e-type=\"widget\" data-widget_type=\"text-editor.default\">\n\t\t\t\t<div class=\"elementor-widget-container\">\n\t\t\t\t\t\t\t\t\t<p style=\"text-align: right;\"><span style=\"color: #14ddee;\"><strong><a style=\"color: #14ddee;\" href=\"https:\/\/av-melchow.de\/?page_id=151\">Impressum<\/a>\u00a0 &#8211;\u00a0 <\/strong><a style=\"color: #14ddee;\" href=\"https:\/\/av-melchow.de\/?page_id=156\"><strong>Datenschutz<\/strong><\/a><\/span><\/p>\t\t\t\t\t\t\t\t<\/div>\n\t\t\t\t<\/div>\n\t\t\t\t\t<\/div>\n\t\t\t\t<\/div>\n\t\t\t\t<\/div>\n\t\t","protected":false},"excerpt":{"rendered":"<p>Beitragsarchiv des AV Melchow Hier findet ihr eine Sammlung vergangener Beitr\u00e4ge, Artikel und Inhalte unserer Website. St\u00f6bert durch \u00e4ltere Ver\u00f6ffentlichungen, entdeckt spannende Themen aus der Vergangenheit und lasst euch inspirieren. Viel Spa\u00df beim Durchsuchen unseres Archivs! Beitr\u00e4ge 2024 Beitr\u00e4ge 2023 Beitr\u00e4ge 2022 Beitr\u00e4ge 2021 \u00a92025- Angelverein Melchow e.V. Impressum\u00a0 &#8211;\u00a0 Datenschutz<\/p>\n","protected":false},"author":1,"featured_media":0,"parent":0,"menu_order":0,"comment_status":"closed","ping_status":"closed","template":"","meta":{"footnotes":""},"class_list":["post-240","page","type-page","status-publish","hentry"],"_links":{"self":[{"href":"https:\/\/avmelchow.de\/index.php?rest_route=\/wp\/v2\/pages\/240","targetHints":{"allow":["GET"]}}],"collection":[{"href":"https:\/\/avmelchow.de\/index.php?rest_route=\/wp\/v2\/pages"}],"about":[{"href":"https:\/\/avmelchow.de\/index.php?rest_route=\/wp\/v2\/types\/page"}],"author":[{"embeddable":true,"href":"https:\/\/avmelchow.de\/index.php?rest_route=\/wp\/v2\/users\/1"}],"replies":[{"embeddable":true,"href":"https:\/\/avmelchow.de\/index.php?rest_route=%2Fwp%2Fv2%2Fcomments&post=240"}],"version-history":[{"count":31,"href":"https:\/\/avmelchow.de\/index.php?rest_route=\/wp\/v2\/pages\/240\/revisions"}],"predecessor-version":[{"id":1451,"href":"https:\/\/avmelchow.de\/index.php?rest_route=\/wp\/v2\/pages\/240\/revisions\/1451"}],"wp:attachment":[{"href":"https:\/\/avmelchow.de\/index.php?rest_route=%2Fwp%2Fv2%2Fmedia&parent=240"}],"curies":[{"name":"wp","href":"https:\/\/api.w.org\/{rel}","templated":true}]}}