{"id":567,"date":"2025-01-31T07:50:30","date_gmt":"2025-01-31T07:50:30","guid":{"rendered":"https:\/\/av-melchow.de\/?page_id=567"},"modified":"2026-03-16T11:11:59","modified_gmt":"2026-03-16T11:11:59","slug":"fischereischein","status":"publish","type":"page","link":"https:\/\/avmelchow.de\/?page_id=567","title":{"rendered":"Fischereischein"},"content":{"rendered":"\t\t<div data-elementor-type=\"wp-page\" data-elementor-id=\"567\" class=\"elementor elementor-567\">\n\t\t\t\t<div class=\"elementor-element elementor-element-cca3d28 e-flex e-con-boxed e-con e-parent\" data-id=\"cca3d28\" data-element_type=\"container\" data-e-type=\"container\">\n\t\t\t\t\t<div class=\"e-con-inner\">\n\t\t<div class=\"elementor-element elementor-element-a989ed5 e-con-full e-flex e-con e-child\" data-id=\"a989ed5\" data-element_type=\"container\" data-e-type=\"container\" data-settings=\"{&quot;background_background&quot;:&quot;classic&quot;}\">\n\t\t\t\t<div class=\"elementor-element elementor-element-17a6d7a elementor-widget elementor-widget-heading\" data-id=\"17a6d7a\" data-element_type=\"widget\" data-e-type=\"widget\" data-widget_type=\"heading.default\">\n\t\t\t\t<div class=\"elementor-widget-container\">\n\t\t\t\t\t<h2 class=\"elementor-heading-title elementor-size-default\">Fischereischein<\/h2>\t\t\t\t<\/div>\n\t\t\t\t<\/div>\n\t\t\t\t<div class=\"elementor-element elementor-element-837fd3c elementor-widget elementor-widget-heading\" data-id=\"837fd3c\" data-element_type=\"widget\" data-e-type=\"widget\" data-widget_type=\"heading.default\">\n\t\t\t\t<div class=\"elementor-widget-container\">\n\t\t\t\t\t<h5 class=\"elementor-heading-title elementor-size-default\">Stand: 16. M\u00e4rz 2026<\/h5>\t\t\t\t<\/div>\n\t\t\t\t<\/div>\n\t\t\t\t<div class=\"elementor-element elementor-element-9644fdd elementor-widget elementor-widget-text-editor\" data-id=\"9644fdd\" data-element_type=\"widget\" data-e-type=\"widget\" data-widget_type=\"text-editor.default\">\n\t\t\t\t<div class=\"elementor-widget-container\">\n\t\t\t\t\t\t\t\t\t<p>Informationen rund um den Fischereischein.<\/p>\t\t\t\t\t\t\t\t<\/div>\n\t\t\t\t<\/div>\n\t\t\t\t<\/div>\n\t\t<div class=\"elementor-element elementor-element-9f14985 e-con-full e-flex e-con e-child\" data-id=\"9f14985\" data-element_type=\"container\" data-e-type=\"container\" data-settings=\"{&quot;background_background&quot;:&quot;classic&quot;}\">\n\t\t\t\t<div class=\"elementor-element elementor-element-5e9063d elementor-widget elementor-widget-heading\" data-id=\"5e9063d\" data-element_type=\"widget\" data-e-type=\"widget\" data-widget_type=\"heading.default\">\n\t\t\t\t<div class=\"elementor-widget-container\">\n\t\t\t\t\t<h3 class=\"elementor-heading-title elementor-size-default\">Gut zu Wissen!<\/h3>\t\t\t\t<\/div>\n\t\t\t\t<\/div>\n\t\t\t\t<div class=\"elementor-element elementor-element-da39433 elementor-widget elementor-widget-text-editor\" data-id=\"da39433\" data-element_type=\"widget\" data-e-type=\"widget\" data-widget_type=\"text-editor.default\">\n\t\t\t\t<div class=\"elementor-widget-container\">\n\t\t\t\t\t\t\t\t\t<p><img decoding=\"async\" class=\"alignleft\" src=\"https:\/\/av-melchow.de\/wp-content\/uploads\/2025\/01\/512px-Locator_map_Brandenburg_in_Germany.svg_-222x300.png\" alt=\"\" width=\"119\" height=\"160\" \/>Land Brandenburg hebt sich in der Fischereiregelung von anderen Bundesl\u00e4ndern ab, denn seit dem 1. August 2006 d\u00fcrfen dort auch Personen ohne Fischereischein und ohne abgelegte Fischerpr\u00fcfung auf Friedfische angeln. Voraussetzung daf\u00fcr ist die Entrichtung der Fischereiabgabe sowie der Erwerb eines Erlaubnisscheins f\u00fcr das jeweilige Gew\u00e4sser, beispielsweise in Form einer Tageskarte. Zus\u00e4tzlich m\u00fcssen Anglerinnen und Angler einen g\u00fcltigen Personalausweis oder Reisepass mit sich f\u00fchren und mindestens 8 Jahre alt sein. Wer hingegen auf Raubfische angeln m\u00f6chte, ben\u00f6tigt einen Fischereischein, der nur nach erfolgreicher Pr\u00fcfung ausgestellt wird.<\/p><p>In Brandenburg ist die Teilnahme an der Fischerpr\u00fcfung und der Erwerb des Angelscheins erst ab einem Alter von 14 Jahren m\u00f6glich.<\/p>\t\t\t\t\t\t\t\t<\/div>\n\t\t\t\t<\/div>\n\t\t\t\t<\/div>\n\t\t<div class=\"elementor-element elementor-element-0b2eb6d e-con-full e-flex e-con e-child\" data-id=\"0b2eb6d\" data-element_type=\"container\" data-e-type=\"container\" data-settings=\"{&quot;background_background&quot;:&quot;classic&quot;}\">\n\t\t\t\t<div class=\"elementor-element elementor-element-0b99f18 elementor-widget elementor-widget-heading\" data-id=\"0b99f18\" data-element_type=\"widget\" data-e-type=\"widget\" data-widget_type=\"heading.default\">\n\t\t\t\t<div class=\"elementor-widget-container\">\n\t\t\t\t\t<h3 class=\"elementor-heading-title elementor-size-default\">Angeln im Land Brandenburg<\/h3>\t\t\t\t<\/div>\n\t\t\t\t<\/div>\n\t\t\t\t<div class=\"elementor-element elementor-element-7cef078 elementor-widget elementor-widget-text-editor\" data-id=\"7cef078\" data-element_type=\"widget\" data-e-type=\"widget\" data-widget_type=\"text-editor.default\">\n\t\t\t\t<div class=\"elementor-widget-container\">\n\t\t\t\t\t\t\t\t\t<p>Die Voraussetzungen um in Brandenburg angeln gehen zu d\u00fcrfen sind davon abh\u00e4ngig, ob nur auf Friedfische oder auch auf Raubfische geangelt werden soll.<\/p><h5><strong>F\u00fcr die Angelei auf Friedfisch ben\u00f6tigt ihr:<\/strong><\/h5><p>\u2022 Nachweiskarte \u00fcber die Zahlung der Fischereiabgabe (ab 14 Jahre)<br \/>\u2022 Angelkarte f\u00fcr das jeweilige Gew\u00e4sser (Kinder unter 8 Jahre d\u00fcrfen nur in Begleitung angeln)<\/p><h5><strong>F\u00fcr die Aus\u00fcbung der Angelei auf Raubfisch ben\u00f6tigt ihr:<\/strong><\/h5><p>\u2022 Fischereischein (erhalten Sie auf Antrag nach bestandener Anglerpr\u00fcfung) ab 14. Lebensjahr<br \/>\u2022 Nachweiskarte \u00fcber die Zahlung der Fischereiabgabe<br \/>\u2022 Angelkarte f\u00fcr das jeweilige Gew\u00e4sser<\/p><p>Die Angelkarte f\u00fcr das jeweilige Gew\u00e4sser erh\u00e4lt man beim P\u00e4chter. F\u00fcr viele Gew\u00e4sser im Land Brandenburg gen\u00fcgt die Mitgliedschaft in einem Verein.<br \/>Die Fischereiabgabemarke kostet f\u00fcr alle Angler:innen ab einem Alter von 14 Jahren 12,00 \u20ac im Jahr (oder 40 \u20ac f\u00fcr 5 Jahre).<\/p><p><strong>Hier geht\u2019s zur:<\/strong><\/p>\t\t\t\t\t\t\t\t<\/div>\n\t\t\t\t<\/div>\n\t\t<div class=\"elementor-element elementor-element-d4d5732 e-con-full e-flex e-con e-child\" data-id=\"d4d5732\" data-element_type=\"container\" data-e-type=\"container\" data-settings=\"{&quot;background_background&quot;:&quot;gradient&quot;}\">\n\t\t<div class=\"elementor-element elementor-element-45a7699 e-con-full e-flex e-con e-child\" data-id=\"45a7699\" data-element_type=\"container\" data-e-type=\"container\" data-settings=\"{&quot;background_background&quot;:&quot;classic&quot;}\">\n\t\t\t\t<div class=\"elementor-element elementor-element-7b7f3fe elementor-widget elementor-widget-heading\" data-id=\"7b7f3fe\" data-element_type=\"widget\" data-e-type=\"widget\" data-widget_type=\"heading.default\">\n\t\t\t\t<div class=\"elementor-widget-container\">\n\t\t\t\t\t<h3 class=\"elementor-heading-title elementor-size-default\">Fischereiabgabemarke<\/h3>\t\t\t\t<\/div>\n\t\t\t\t<\/div>\n\t\t\t\t<div class=\"elementor-element elementor-element-cf25ee0 elementor-widget elementor-widget-image\" data-id=\"cf25ee0\" data-element_type=\"widget\" data-e-type=\"widget\" data-widget_type=\"image.default\">\n\t\t\t\t<div class=\"elementor-widget-container\">\n\t\t\t\t\t\t\t\t\t\t\t\t\t\t\t\t<a href=\"https:\/\/www.angelkarten.com\/\">\n\t\t\t\t\t\t\t<img decoding=\"async\" src=\"https:\/\/avmelchow.de\/wp-content\/uploads\/elementor\/thumbs\/Fischereiabgabemarke-r80ypen6qx3alxtheuoptbba5wfv0cn9dr14j5qkp0.png\" title=\"Fischereiabgabemarke\" alt=\"Fischereiabgabemarke\" loading=\"lazy\" \/>\t\t\t\t\t\t\t\t<\/a>\n\t\t\t\t\t\t\t\t\t\t\t\t\t\t\t<\/div>\n\t\t\t\t<\/div>\n\t\t\t\t<\/div>\n\t\t<div class=\"elementor-element elementor-element-e4df222 e-con-full e-flex e-con e-child\" data-id=\"e4df222\" data-element_type=\"container\" data-e-type=\"container\" data-settings=\"{&quot;background_background&quot;:&quot;classic&quot;}\">\n\t\t\t\t<div class=\"elementor-element elementor-element-d1e5fd6 elementor-widget elementor-widget-heading\" data-id=\"d1e5fd6\" data-element_type=\"widget\" data-e-type=\"widget\" data-widget_type=\"heading.default\">\n\t\t\t\t<div class=\"elementor-widget-container\">\n\t\t\t\t\t<h3 class=\"elementor-heading-title elementor-size-default\">Angelkarte<\/h3>\t\t\t\t<\/div>\n\t\t\t\t<\/div>\n\t\t<div class=\"elementor-element elementor-element-e543a90 e-con-full e-flex e-con e-child\" data-id=\"e543a90\" data-element_type=\"container\" data-e-type=\"container\">\n\t\t\t\t<div class=\"elementor-element elementor-element-335c884 elementor-widget elementor-widget-image\" data-id=\"335c884\" data-element_type=\"widget\" data-e-type=\"widget\" data-widget_type=\"image.default\">\n\t\t\t\t<div class=\"elementor-widget-container\">\n\t\t\t\t\t\t\t\t\t\t\t\t\t\t\t\t<a href=\"https:\/\/shop.lavb.de\/\">\n\t\t\t\t\t\t\t<img decoding=\"async\" src=\"https:\/\/avmelchow.de\/wp-content\/uploads\/elementor\/thumbs\/Angelkarte1-r80yoynxiqhf4kgp05s24xcg2cmmdhvtnjxvdge9ms.png\" title=\"Angelkarte1\" alt=\"Angelkarte1\" loading=\"lazy\" \/>\t\t\t\t\t\t\t\t<\/a>\n\t\t\t\t\t\t\t\t\t\t\t\t\t\t\t<\/div>\n\t\t\t\t<\/div>\n\t\t\t\t<div class=\"elementor-element elementor-element-a86587c elementor-widget elementor-widget-image\" data-id=\"a86587c\" data-element_type=\"widget\" data-e-type=\"widget\" data-widget_type=\"image.default\">\n\t\t\t\t<div class=\"elementor-widget-container\">\n\t\t\t\t\t\t\t\t\t\t\t\t\t\t\t\t<a href=\"https:\/\/www.hejfish.com\/search?latlng=52.837%2C13.788&#038;loc=Eberswalde&#038;view=map&#038;sort=relevance\">\n\t\t\t\t\t\t\t<img decoding=\"async\" src=\"https:\/\/avmelchow.de\/wp-content\/uploads\/elementor\/thumbs\/Angelkarte2-r80yseqmkv79p3ggvneta21ah7n2ljke4m1ypzaatg.png\" title=\"Angelkarte2\" alt=\"Angelkarte2\" loading=\"lazy\" \/>\t\t\t\t\t\t\t\t<\/a>\n\t\t\t\t\t\t\t\t\t\t\t\t\t\t\t<\/div>\n\t\t\t\t<\/div>\n\t\t\t\t<\/div>\n\t\t\t\t<\/div>\n\t\t\t\t<\/div>\n\t\t\t\t<\/div>\n\t\t\t\t\t<\/div>\n\t\t\t\t<\/div>\n\t\t<div class=\"elementor-element elementor-element-77c7ce2f e-grid e-con-boxed e-con e-parent\" data-id=\"77c7ce2f\" data-element_type=\"container\" data-e-type=\"container\">\n\t\t\t\t\t<div class=\"e-con-inner\">\n\t\t\t\t<div class=\"elementor-element elementor-element-45985007 elementor-widget elementor-widget-text-editor\" data-id=\"45985007\" data-element_type=\"widget\" data-e-type=\"widget\" data-widget_type=\"text-editor.default\">\n\t\t\t\t<div class=\"elementor-widget-container\">\n\t\t\t\t\t\t\t\t\t<p><span style=\"color: #14ddee;\"><strong>\u00a92025-2026 Angelverein Melchow e.V.<\/strong><\/span><\/p>\t\t\t\t\t\t\t\t<\/div>\n\t\t\t\t<\/div>\n\t\t\t\t<div class=\"elementor-element elementor-element-28885bd9 elementor-widget elementor-widget-text-editor\" data-id=\"28885bd9\" data-element_type=\"widget\" data-e-type=\"widget\" data-widget_type=\"text-editor.default\">\n\t\t\t\t<div class=\"elementor-widget-container\">\n\t\t\t\t\t\t\t\t\t<p style=\"text-align: right;\"><span style=\"color: #14ddee;\"><strong><a style=\"color: #14ddee;\" href=\"https:\/\/av-melchow.de\/?page_id=151\">Impressum<\/a>\u00a0 &#8211;\u00a0 <\/strong><a style=\"color: #14ddee;\" href=\"https:\/\/av-melchow.de\/?page_id=156\"><strong>Datenschutz<\/strong><\/a><\/span><\/p>\t\t\t\t\t\t\t\t<\/div>\n\t\t\t\t<\/div>\n\t\t\t\t\t<\/div>\n\t\t\t\t<\/div>\n\t\t\t\t<\/div>\n\t\t","protected":false},"excerpt":{"rendered":"<p>Fischereischein Stand: 16. M\u00e4rz 2026 Informationen rund um den Fischereischein. Gut zu Wissen! Land Brandenburg hebt sich in der Fischereiregelung von anderen Bundesl\u00e4ndern ab, denn seit dem 1. August 2006 d\u00fcrfen dort auch Personen ohne Fischereischein und ohne abgelegte Fischerpr\u00fcfung auf Friedfische angeln. Voraussetzung daf\u00fcr ist die Entrichtung der Fischereiabgabe sowie der Erwerb eines Erlaubnisscheins [&hellip;]<\/p>\n","protected":false},"author":2,"featured_media":0,"parent":0,"menu_order":0,"comment_status":"closed","ping_status":"closed","template":"","meta":{"footnotes":""},"class_list":["post-567","page","type-page","status-publish","hentry"],"_links":{"self":[{"href":"https:\/\/avmelchow.de\/index.php?rest_route=\/wp\/v2\/pages\/567","targetHints":{"allow":["GET"]}}],"collection":[{"href":"https:\/\/avmelchow.de\/index.php?rest_route=\/wp\/v2\/pages"}],"about":[{"href":"https:\/\/avmelchow.de\/index.php?rest_route=\/wp\/v2\/types\/page"}],"author":[{"embeddable":true,"href":"https:\/\/avmelchow.de\/index.php?rest_route=\/wp\/v2\/users\/2"}],"replies":[{"embeddable":true,"href":"https:\/\/avmelchow.de\/index.php?rest_route=%2Fwp%2Fv2%2Fcomments&post=567"}],"version-history":[{"count":64,"href":"https:\/\/avmelchow.de\/index.php?rest_route=\/wp\/v2\/pages\/567\/revisions"}],"predecessor-version":[{"id":1615,"href":"https:\/\/avmelchow.de\/index.php?rest_route=\/wp\/v2\/pages\/567\/revisions\/1615"}],"wp:attachment":[{"href":"https:\/\/avmelchow.de\/index.php?rest_route=%2Fwp%2Fv2%2Fmedia&parent=567"}],"curies":[{"name":"wp","href":"https:\/\/api.w.org\/{rel}","templated":true}]}}