{"id":572,"date":"2025-06-29T16:55:48","date_gmt":"2025-06-29T16:55:48","guid":{"rendered":"https:\/\/av-melchow.de\/?page_id=572"},"modified":"2025-06-29T16:56:35","modified_gmt":"2025-06-29T16:56:35","slug":"beitraege-2015","status":"publish","type":"page","link":"https:\/\/avmelchow.de\/?page_id=572","title":{"rendered":"Beitr\u00e4ge 2015"},"content":{"rendered":"\t\t<div data-elementor-type=\"wp-post\" data-elementor-id=\"572\" class=\"elementor elementor-572\">\n\t\t\t\t<div class=\"elementor-element elementor-element-72cbf8d2 e-flex e-con-boxed e-con e-parent\" data-id=\"72cbf8d2\" data-element_type=\"container\" data-e-type=\"container\">\n\t\t\t\t\t<div class=\"e-con-inner\">\n\t\t<div class=\"elementor-element elementor-element-58cee017 e-con-full e-flex e-con e-child\" data-id=\"58cee017\" data-element_type=\"container\" data-e-type=\"container\" data-settings=\"{&quot;background_background&quot;:&quot;classic&quot;}\">\n\t\t\t\t<div class=\"elementor-element elementor-element-56995797 elementor-widget elementor-widget-heading\" data-id=\"56995797\" data-element_type=\"widget\" data-e-type=\"widget\" data-widget_type=\"heading.default\">\n\t\t\t\t<div class=\"elementor-widget-container\">\n\t\t\t\t\t<h2 class=\"elementor-heading-title elementor-size-default\">Beitr\u00e4ge aus dem Jahr 2015<\/h2>\t\t\t\t<\/div>\n\t\t\t\t<\/div>\n\t\t\t\t<div class=\"elementor-element elementor-element-57272ab0 elementor-widget-divider--view-line elementor-widget elementor-widget-divider\" data-id=\"57272ab0\" data-element_type=\"widget\" data-e-type=\"widget\" data-widget_type=\"divider.default\">\n\t\t\t\t<div class=\"elementor-widget-container\">\n\t\t\t\t\t\t\t<div class=\"elementor-divider\">\n\t\t\t<span class=\"elementor-divider-separator\">\n\t\t\t\t\t\t<\/span>\n\t\t<\/div>\n\t\t\t\t\t\t<\/div>\n\t\t\t\t<\/div>\n\t\t\t\t<\/div>\n\t\t<div class=\"elementor-element elementor-element-3b1997e6 e-con-full e-flex e-con e-child\" data-id=\"3b1997e6\" data-element_type=\"container\" data-e-type=\"container\" data-settings=\"{&quot;background_background&quot;:&quot;classic&quot;}\">\n\t\t<div class=\"elementor-element elementor-element-4f3fdead e-con-full e-flex e-con e-child\" data-id=\"4f3fdead\" data-element_type=\"container\" data-e-type=\"container\">\n\t\t\t\t<div class=\"elementor-element elementor-element-6e542a4 elementor-widget elementor-widget-heading\" data-id=\"6e542a4\" data-element_type=\"widget\" data-e-type=\"widget\" data-widget_type=\"heading.default\">\n\t\t\t\t<div class=\"elementor-widget-container\">\n\t\t\t\t\t<h2 class=\"elementor-heading-title elementor-size-default\">Versanstaltungen 2015<\/h2>\t\t\t\t<\/div>\n\t\t\t\t<\/div>\n\t\t\t\t<div class=\"elementor-element elementor-element-34851693 elementor-widget elementor-widget-text-editor\" data-id=\"34851693\" data-element_type=\"widget\" data-e-type=\"widget\" data-widget_type=\"text-editor.default\">\n\t\t\t\t<div class=\"elementor-widget-container\">\n\t\t\t\t\t\t\t\t\t<p>Aktueller Terminkalender &#8211; <a href=\"http:\/\/avmelchow.de\/Templates\/wp-content\/documents\/2015-03_TermineAVMelchow_2015\" target=\"_blank\" rel=\"noopener\">Termine 2015 als PDF<\/a><\/p><table border=\"0\" width=\"672\"><tbody><tr align=\"left\"><td><strong>Jan\/Anfang <\/strong><\/td><td><strong>Feb <\/strong><\/td><td><strong> Eisangeln AV Melchow <\/strong><\/td><\/tr><tr align=\"left\"><td><strong>Jan\/Anfang<\/strong><\/td><td><strong>Feb<\/strong><\/td><\/tr><tr><td><strong>13.02.2015 <\/strong><\/td><td><strong>19:00 <\/strong><\/td><td><strong>Versammlung Touristisches Melchower Krug <\/strong><\/td><\/tr><tr><td>\u00a0<\/td><td>\u00a0<\/td><td><strong><u>Letzter Termin f\u00fcr die Bezahlung der Beitragsmarken 2015! <\/u><\/strong><\/td><\/tr><tr><td><strong>21.02.2015 <\/strong><\/td><td>\u00a0<\/td><td><strong>1 Arbeitsansatz am Karpfenteich gem\u00e4\u00df der Wetterlage <\/strong><\/td><\/tr><tr><td><strong>04.04.2015 <\/strong><\/td><td><strong>09:00<\/strong><\/td><td><strong>Arbeitseinsatz am Schw\u00e4rzesee <\/strong><\/td><\/tr><tr><td>12.04.2014<\/td><td>06:30<\/td><td>1. Hegefischen \u201ePokal des Angelhauses Barnim\u201c, Finowkanal Finowfurt<\/td><\/tr><tr><td><strong>25.04.2015 <\/strong><\/td><td>\u00a0<\/td><td><strong>Anangeln AV Melchow <\/strong><\/td><\/tr><tr><td><strong>Anfang Mai <\/strong><\/td><td>\u00a0<\/td><td><strong>Karpfen Workshop AV Melchow <\/strong><\/td><\/tr><tr><td>17.05.2015<\/td><td>05:00<\/td><td>2. Hegefischen KAV, Oder-Havel-Kanal; Sportplatz Oderberg<\/td><\/tr><tr><td>07.06.2015<\/td><td>04:45<\/td><td>3. Hegefischen KAV \u201ePokal des Pr\u00e4sidenten des KAV\u201c, Oder-Havel-Kanal, M\u00e4ckerseebr\u00fccke<\/td><\/tr><tr><td>28.06.2015<\/td><td>04:45<\/td><td>4. Hegefischen \u201ePokal des Angelcenters Eberswalde\u201c, Oder-Havel-Kanal Sportplatz Oderberg<\/td><\/tr><tr><td>04.07.2015<\/td><td>06:00<\/td><td>Kinder und Jugendangeltag KAV Barnim, 1. Sassenpfuhl<\/td><\/tr><tr><td><strong>11.07.2015<\/strong><\/td><td><strong>09:00<\/strong>\u00a0<\/td><td><strong>Jugendangeln Gemeinde Melchow; Karpfenteich Melchow <\/strong><\/td><\/tr><tr><td><strong>19.09.2015 <\/strong><\/td><td><strong>09:00<\/strong>\u00a0<\/td><td><strong>Arbeitseinsatz am Schw\u00e4rzesee <\/strong><\/td><\/tr><tr><td>20.09.2015<\/td><td>06:00<\/td><td>5. Hegefischen KAV Barnim, Oder Havel Kanal TGE<\/td><\/tr><tr><td><strong>04.10.2014 <\/strong><\/td><td><strong>08:00<\/strong>\u00a0<\/td><td><strong>Abangeln AV Melchow <\/strong><\/td><\/tr><tr><td><strong>11.12.2014 <\/strong><\/td><td><strong> 19:00<\/strong><\/td><td><strong>Mitgliederversammlung, Jahresabschluss 2014; TBZ Melchow<\/strong><\/td><\/tr><tr><td>\u00a0<\/td><td>\u00a0<\/td><td>\u00a0<\/td><\/tr><tr><td><strong>Hinweis:<\/strong><\/td><td>\u00a0<\/td><td><strong>F\u00fcr alle KAV Veranstaltungen erfolgt die Anmeldung vor Ort! <\/strong><\/td><\/tr><\/tbody><\/table><table border=\"0\" width=\"672\"><tbody><tr align=\"left\"><td valign=\"top\">\u00a0<\/td><td valign=\"top\">\u00a0<\/td><td valign=\"top\">\u00a0<\/td><\/tr><tr><td valign=\"top\">\u00a0<\/td><td valign=\"top\">\u00a0<\/td><td valign=\"top\"><div class=\"Stil3\" align=\"center\">AV Melchow e.V.<br \/>Daniel Freier, Tel. 03337\/41147<br \/>16230 Melchow, Alte Dorfstr. 21<\/div><\/td><\/tr><\/tbody><\/table>\t\t\t\t\t\t\t\t<\/div>\n\t\t\t\t<\/div>\n\t\t\t\t<div class=\"elementor-element elementor-element-5f34afb4 elementor-widget-divider--view-line elementor-widget elementor-widget-divider\" data-id=\"5f34afb4\" data-element_type=\"widget\" data-e-type=\"widget\" data-widget_type=\"divider.default\">\n\t\t\t\t<div class=\"elementor-widget-container\">\n\t\t\t\t\t\t\t<div class=\"elementor-divider\">\n\t\t\t<span class=\"elementor-divider-separator\">\n\t\t\t\t\t\t<\/span>\n\t\t<\/div>\n\t\t\t\t\t\t<\/div>\n\t\t\t\t<\/div>\n\t\t\t\t<\/div>\n\t\t\t\t<\/div>\n\t\t<div class=\"elementor-element elementor-element-5d3d50b9 e-con-full e-flex e-con e-child\" data-id=\"5d3d50b9\" data-element_type=\"container\" data-e-type=\"container\" data-settings=\"{&quot;background_background&quot;:&quot;classic&quot;}\">\n\t\t<div class=\"elementor-element elementor-element-193c41cb e-con-full e-flex e-con e-child\" data-id=\"193c41cb\" data-element_type=\"container\" data-e-type=\"container\">\n\t\t\t\t<div class=\"elementor-element elementor-element-6e7895e3 elementor-widget elementor-widget-heading\" data-id=\"6e7895e3\" data-element_type=\"widget\" data-e-type=\"widget\" data-widget_type=\"heading.default\">\n\t\t\t\t<div class=\"elementor-widget-container\">\n\t\t\t\t\t<h2 class=\"elementor-heading-title elementor-size-default\">Frohe Weihnachten und gesundes neues Jahr<\/h2>\t\t\t\t<\/div>\n\t\t\t\t<\/div>\n\t\t\t\t<div class=\"elementor-element elementor-element-31cc405c elementor-widget elementor-widget-text-editor\" data-id=\"31cc405c\" data-element_type=\"widget\" data-e-type=\"widget\" data-widget_type=\"text-editor.default\">\n\t\t\t\t<div class=\"elementor-widget-container\">\n\t\t\t\t\t\t\t\t\t<p>Liebe Vereinsmitglieder und Angelfreunde,<\/p><p>das Jahr 2015 neigt sich dem Ende entgegen. Wir m\u00f6chten allen ein sch\u00f6nes Weihnachtsfest und einen guten Rutsch ins neue Jahr w\u00fcnschen. Vielleicht liegt ja bei dem einen oder anderen etwas von einer neuen Angelausr\u00fcstung unter dem Weihnachtsbaum. Wir w\u00fcrden uns jedenfalls \u00fcber viele neue Mitglieder in unserem Verein freuen. Schaut doch einfach mal unverbindlich vorbei. Die n\u00e4chste Chance hierzu ist <strong>am 08.01.2016 um 19:00 Uhr im Touristischen Begegnungszentrum (TBZ) in Melchow<\/strong>. Die Themen werden die folgenden sein:<\/p><p>\u2022 Auswertung der Aktivit\u00e4ten 2015<br \/>\u2022 Aktionen und Termine 2016<br \/>\u2022 Kassierung der Beitr\u00e4ge f\u00fcr 2016<br \/>\u2022 Abgabe der Fangbelege 2015<br \/>\u2022 Vorbereitung der Neuwahlen unseres Vereinsvorstandes<\/p><p>Ihr seht also es ist nicht langweilig bei uns! An diesem Tag werden auch die Marken f\u00fcr das Angeln im n\u00e4chsten Jahr an den Mann bzw. die Frau gebracht.<\/p><p>Wir w\u00fcrden uns freuen euch dort begr\u00fc\u00dfen zu k\u00f6nnen\u2026. <br \/>Bis dahin\u2026.gro\u00dfe Geschenke und ein wenig Besinnlichkeit<\/p><p>Petri Heil<\/p>\t\t\t\t\t\t\t\t<\/div>\n\t\t\t\t<\/div>\n\t\t\t\t<div class=\"elementor-element elementor-element-33eed3d7 elementor-widget-divider--view-line elementor-widget elementor-widget-divider\" data-id=\"33eed3d7\" data-element_type=\"widget\" data-e-type=\"widget\" data-widget_type=\"divider.default\">\n\t\t\t\t<div class=\"elementor-widget-container\">\n\t\t\t\t\t\t\t<div class=\"elementor-divider\">\n\t\t\t<span class=\"elementor-divider-separator\">\n\t\t\t\t\t\t<\/span>\n\t\t<\/div>\n\t\t\t\t\t\t<\/div>\n\t\t\t\t<\/div>\n\t\t\t\t<\/div>\n\t\t\t\t<\/div>\n\t\t<div class=\"elementor-element elementor-element-2195cd5e e-con-full e-flex e-con e-child\" data-id=\"2195cd5e\" data-element_type=\"container\" data-e-type=\"container\" data-settings=\"{&quot;background_background&quot;:&quot;classic&quot;}\">\n\t\t<div class=\"elementor-element elementor-element-2d2333ed e-con-full e-flex e-con e-child\" data-id=\"2d2333ed\" data-element_type=\"container\" data-e-type=\"container\">\n\t\t\t\t<div class=\"elementor-element elementor-element-266e40bf elementor-widget elementor-widget-heading\" data-id=\"266e40bf\" data-element_type=\"widget\" data-e-type=\"widget\" data-widget_type=\"heading.default\">\n\t\t\t\t<div class=\"elementor-widget-container\">\n\t\t\t\t\t<h2 class=\"elementor-heading-title elementor-size-default\">Ostseeangeln 2015<\/h2>\t\t\t\t<\/div>\n\t\t\t\t<\/div>\n\t\t\t\t<div class=\"elementor-element elementor-element-7fad515c elementor-widget elementor-widget-text-editor\" data-id=\"7fad515c\" data-element_type=\"widget\" data-e-type=\"widget\" data-widget_type=\"text-editor.default\">\n\t\t\t\t<div class=\"elementor-widget-container\">\n\t\t\t\t\t\t\t\t\t<p>Der Angelausflug unseres Vereins zur Ostsee war ein voller Erfolg. Nat\u00fcrlich nur unter der Tatsache betrachtet das die Unterkunft, das Boot und nicht zuletzt das Wetter toll waren. Leider war der Angelerfolg nur von m\u00e4\u00dfigem Erfolg gek\u00fcrt. Dennoch und das ist ja letztlich das wichtigste, es hat Spa\u00df gemacht. F\u00fcr alle diejenigen die sich nun Sorgen um den kleinen Hecht auf dem Bild machen. Ihnen sei gesagt, dass er wieder ins Wasser gelassen wurde und wir hoffen Ihn im n\u00e4chsten Jahr mit ordentlichen Gewicht und L\u00e4nge wieder an der Angel zu haben. Vielen Dank an dieser Stelle von allen Vereinsmitgliedern f\u00fcr die tolle Organisation.<br \/>Petri heil<\/p>\t\t\t\t\t\t\t\t<\/div>\n\t\t\t\t<\/div>\n\t\t\t\t<div class=\"elementor-element elementor-element-358ca863 elementor-widget elementor-widget-image-gallery\" data-id=\"358ca863\" data-element_type=\"widget\" data-e-type=\"widget\" data-widget_type=\"image-gallery.default\">\n\t\t\t\t<div class=\"elementor-widget-container\">\n\t\t\t\t\t\t\t<div class=\"elementor-image-gallery\">\n\t\t\t<div id='gallery-1' class='gallery galleryid-572 gallery-columns-2 gallery-size-medium'><figure class='gallery-item'>\n\t\t\t<div class='gallery-icon landscape'>\n\t\t\t\t<a data-elementor-open-lightbox=\"yes\" data-elementor-lightbox-slideshow=\"358ca863\" data-elementor-lightbox-title=\"20150927_Ostseeangeln2015_01\" data-e-action-hash=\"#elementor-action%3Aaction%3Dlightbox%26settings%3DeyJpZCI6MTIwMiwidXJsIjoiaHR0cHM6XC9cL2F2bWVsY2hvdy5kZVwvd3AtY29udGVudFwvdXBsb2Fkc1wvMjAyNVwvMDZcLzIwMTUwOTI3X09zdHNlZWFuZ2VsbjIwMTVfMDEuanBnIiwic2xpZGVzaG93IjoiMzU4Y2E4NjMifQ%3D%3D\" href='https:\/\/avmelchow.de\/wp-content\/uploads\/2025\/06\/20150927_Ostseeangeln2015_01.jpg'><img fetchpriority=\"high\" decoding=\"async\" width=\"300\" height=\"176\" src=\"https:\/\/avmelchow.de\/wp-content\/uploads\/2025\/06\/20150927_Ostseeangeln2015_01-300x176.jpg\" class=\"attachment-medium size-medium\" alt=\"\" srcset=\"https:\/\/avmelchow.de\/wp-content\/uploads\/2025\/06\/20150927_Ostseeangeln2015_01-300x176.jpg 300w, https:\/\/avmelchow.de\/wp-content\/uploads\/2025\/06\/20150927_Ostseeangeln2015_01.jpg 600w\" sizes=\"(max-width: 300px) 100vw, 300px\" \/><\/a>\n\t\t\t<\/div><\/figure><figure class='gallery-item'>\n\t\t\t<div class='gallery-icon landscape'>\n\t\t\t\t<a data-elementor-open-lightbox=\"yes\" data-elementor-lightbox-slideshow=\"358ca863\" data-elementor-lightbox-title=\"20150927_Ostseeangeln2015_02\" data-e-action-hash=\"#elementor-action%3Aaction%3Dlightbox%26settings%3DeyJpZCI6MTIwMywidXJsIjoiaHR0cHM6XC9cL2F2bWVsY2hvdy5kZVwvd3AtY29udGVudFwvdXBsb2Fkc1wvMjAyNVwvMDZcLzIwMTUwOTI3X09zdHNlZWFuZ2VsbjIwMTVfMDIuanBnIiwic2xpZGVzaG93IjoiMzU4Y2E4NjMifQ%3D%3D\" href='https:\/\/avmelchow.de\/wp-content\/uploads\/2025\/06\/20150927_Ostseeangeln2015_02.jpg'><img decoding=\"async\" width=\"300\" height=\"169\" src=\"https:\/\/avmelchow.de\/wp-content\/uploads\/2025\/06\/20150927_Ostseeangeln2015_02-300x169.jpg\" class=\"attachment-medium size-medium\" alt=\"\" srcset=\"https:\/\/avmelchow.de\/wp-content\/uploads\/2025\/06\/20150927_Ostseeangeln2015_02-300x169.jpg 300w, https:\/\/avmelchow.de\/wp-content\/uploads\/2025\/06\/20150927_Ostseeangeln2015_02-150x85.jpg 150w, https:\/\/avmelchow.de\/wp-content\/uploads\/2025\/06\/20150927_Ostseeangeln2015_02.jpg 600w\" sizes=\"(max-width: 300px) 100vw, 300px\" \/><\/a>\n\t\t\t<\/div><\/figure>\n\t\t<\/div>\n\t\t<\/div>\n\t\t\t\t\t\t<\/div>\n\t\t\t\t<\/div>\n\t\t\t\t<div class=\"elementor-element elementor-element-3e2c137a elementor-widget-divider--view-line elementor-widget elementor-widget-divider\" data-id=\"3e2c137a\" data-element_type=\"widget\" data-e-type=\"widget\" data-widget_type=\"divider.default\">\n\t\t\t\t<div class=\"elementor-widget-container\">\n\t\t\t\t\t\t\t<div class=\"elementor-divider\">\n\t\t\t<span class=\"elementor-divider-separator\">\n\t\t\t\t\t\t<\/span>\n\t\t<\/div>\n\t\t\t\t\t\t<\/div>\n\t\t\t\t<\/div>\n\t\t\t\t<\/div>\n\t\t\t\t<\/div>\n\t\t<div class=\"elementor-element elementor-element-244c62a4 e-con-full e-flex e-con e-child\" data-id=\"244c62a4\" data-element_type=\"container\" data-e-type=\"container\" data-settings=\"{&quot;background_background&quot;:&quot;classic&quot;}\">\n\t\t<div class=\"elementor-element elementor-element-462d22bd e-con-full e-flex e-con e-child\" data-id=\"462d22bd\" data-element_type=\"container\" data-e-type=\"container\">\n\t\t\t\t<div class=\"elementor-element elementor-element-4c083dde elementor-widget elementor-widget-heading\" data-id=\"4c083dde\" data-element_type=\"widget\" data-e-type=\"widget\" data-widget_type=\"heading.default\">\n\t\t\t\t<div class=\"elementor-widget-container\">\n\t\t\t\t\t<h2 class=\"elementor-heading-title elementor-size-default\">Der AV-Melchow auf R\u00fcgen am 25. September 2015<\/h2>\t\t\t\t<\/div>\n\t\t\t\t<\/div>\n\t\t\t\t<div class=\"elementor-element elementor-element-76b66d54 elementor-widget elementor-widget-text-editor\" data-id=\"76b66d54\" data-element_type=\"widget\" data-e-type=\"widget\" data-widget_type=\"text-editor.default\">\n\t\t\t\t<div class=\"elementor-widget-container\">\n\t\t\t\t\t\t\t\t\t<p>Werte Mitglieder,<br \/>die Leitung des AV Melchow m\u00f6chte eine Angelfahrt zu den Gew\u00e4ssern um R\u00fcgen machen.<\/p><p><strong>z.B. Angeln im Kubitzer Bodden und Schabroder Bodden! <\/strong><\/p><p>auf, Zander\/Hecht\/Barsch ! !<\/p><p>Wann? Eigene <strong>Anreise am Freitag den 25.9.15<\/strong> (siehe link Bauer Lange) ab 15 Uhr <br \/>(Grillen ab 19 Uhr an der Unterkunft) <br \/><strong>Abreise: am 26.9.15<\/strong> gegen 18 Uhr ab R\u00fcgen (ca. 21 Uhr in Melchow)<\/p><p>Anreise am Freitagabend bei Bauer Lange <a href=\"http:\/\/www.bauerlange.de\/\" target=\"_blank\" rel=\"noopener\">http:\/\/www.bauerlange.de\/<\/a> mit Grillen und am Samstag fr\u00fch raus und den ganzen Tag Angeln. Abends (ab 18 Uhr) wieder nach Hause.<\/p><p>Kosten: Ferienwohnung 6 Pers. <a href=\"http:\/\/www.bauerlange.de\/82-0-Ferienwohnung-7.html\" target=\"_blank\" rel=\"noopener\">http:\/\/www.bauerlange.de\/82-0-Ferienwohnung-7.html<\/a> <br \/>Fr\u00fchst\u00fcck als Selbstversorgung (K\u00fcche vorhanden Verpflegung wird vorher eingekauft). <br \/>Fr\u00fchst\u00fcck und Grillanteil, Bootsmiete, Bootsbenzin. <br \/><strong>45,-\u20ac pro \/ Erw.Pers.<\/strong> (Fahrkosten m\u00fcssen untereinander gekl\u00e4rt werden, Jugend (mit Elterlichem Einverst\u00e4ndnis) nehme ich kostenlos mit) <br \/>Die Tageskarte f\u00fcr die Jugend inkl. 20,-\u20ac. Leider haben wir nur f\u00fcr 6 Pers. erst mal reserviert, wer zuerst zusagt mit Anzahlung f\u00e4hrt mit.<\/p><p><strong>Bitte um R\u00fcckmeldung bis zum 04.8.2015 bei <\/strong><\/p><p><strong>Frank Neumann 0172\/8130866<\/strong> <br \/>oder <br \/><strong>Daniel Freier 0171\/3059646<\/strong>\u00a0<\/p><p><strong>Petri <br \/>Euer Vorstand<\/strong><\/p>\t\t\t\t\t\t\t\t<\/div>\n\t\t\t\t<\/div>\n\t\t\t\t<div class=\"elementor-element elementor-element-520d499c elementor-widget-divider--view-line elementor-widget elementor-widget-divider\" data-id=\"520d499c\" data-element_type=\"widget\" data-e-type=\"widget\" data-widget_type=\"divider.default\">\n\t\t\t\t<div class=\"elementor-widget-container\">\n\t\t\t\t\t\t\t<div class=\"elementor-divider\">\n\t\t\t<span class=\"elementor-divider-separator\">\n\t\t\t\t\t\t<\/span>\n\t\t<\/div>\n\t\t\t\t\t\t<\/div>\n\t\t\t\t<\/div>\n\t\t\t\t<\/div>\n\t\t\t\t<\/div>\n\t\t<div class=\"elementor-element elementor-element-180a06bc e-con-full e-flex e-con e-child\" data-id=\"180a06bc\" data-element_type=\"container\" data-e-type=\"container\" data-settings=\"{&quot;background_background&quot;:&quot;classic&quot;}\">\n\t\t<div class=\"elementor-element elementor-element-724d44ab e-con-full e-flex e-con e-child\" data-id=\"724d44ab\" data-element_type=\"container\" data-e-type=\"container\">\n\t\t\t\t<div class=\"elementor-element elementor-element-4f3d276d elementor-widget elementor-widget-heading\" data-id=\"4f3d276d\" data-element_type=\"widget\" data-e-type=\"widget\" data-widget_type=\"heading.default\">\n\t\t\t\t<div class=\"elementor-widget-container\">\n\t\t\t\t\t<h2 class=\"elementor-heading-title elementor-size-default\">Fr\u00fchjahrsputz in Melchow 2015<\/h2>\t\t\t\t<\/div>\n\t\t\t\t<\/div>\n\t\t\t\t<div class=\"elementor-element elementor-element-a6b027d elementor-widget elementor-widget-image\" data-id=\"a6b027d\" data-element_type=\"widget\" data-e-type=\"widget\" data-widget_type=\"image.default\">\n\t\t\t\t<div class=\"elementor-widget-container\">\n\t\t\t\t\t\t\t\t\t\t\t\t\t\t\t\t<a href=\"https:\/\/avmelchow.de\/wp-content\/documents\/2015-03_Fruehjahrsputz.pdf\">\n\t\t\t\t\t\t\t<img decoding=\"async\" src=\"https:\/\/avmelchow.de\/wp-content\/uploads\/elementor\/thumbs\/PDF-r80v5a9324tnw0z9ww3yvs7sia6fzhdogc5xd600iw.png\" title=\"PDF\" alt=\"PDF\" loading=\"lazy\" \/>\t\t\t\t\t\t\t\t<\/a>\n\t\t\t\t\t\t\t\t\t\t\t\t\t\t\t<\/div>\n\t\t\t\t<\/div>\n\t\t\t\t<div class=\"elementor-element elementor-element-1bc629a9 elementor-widget-divider--view-line elementor-widget elementor-widget-divider\" data-id=\"1bc629a9\" data-element_type=\"widget\" data-e-type=\"widget\" data-widget_type=\"divider.default\">\n\t\t\t\t<div class=\"elementor-widget-container\">\n\t\t\t\t\t\t\t<div class=\"elementor-divider\">\n\t\t\t<span class=\"elementor-divider-separator\">\n\t\t\t\t\t\t<\/span>\n\t\t<\/div>\n\t\t\t\t\t\t<\/div>\n\t\t\t\t<\/div>\n\t\t\t\t<\/div>\n\t\t\t\t<\/div>\n\t\t\t\t\t<\/div>\n\t\t\t\t<\/div>\n\t\t<div class=\"elementor-element elementor-element-5720dea1 e-grid e-con-boxed e-con e-parent\" data-id=\"5720dea1\" data-element_type=\"container\" data-e-type=\"container\">\n\t\t\t\t\t<div class=\"e-con-inner\">\n\t\t\t\t<div class=\"elementor-element elementor-element-35f8e547 elementor-widget elementor-widget-heading\" data-id=\"35f8e547\" data-element_type=\"widget\" data-e-type=\"widget\" data-widget_type=\"heading.default\">\n\t\t\t\t<div class=\"elementor-widget-container\">\n\t\t\t\t\t<p class=\"elementor-heading-title elementor-size-default\">\u00a92025 Angelverein Melchow e.V.<\/p>\t\t\t\t<\/div>\n\t\t\t\t<\/div>\n\t\t\t\t<div class=\"elementor-element elementor-element-77c534b7 elementor-widget elementor-widget-text-editor\" data-id=\"77c534b7\" data-element_type=\"widget\" data-e-type=\"widget\" data-widget_type=\"text-editor.default\">\n\t\t\t\t<div class=\"elementor-widget-container\">\n\t\t\t\t\t\t\t\t\t<p style=\"text-align: right;\"><span style=\"color: #333333;\"><strong><a style=\"color: #333333;\" href=\"https:\/\/av-melchow.de\/?page_id=151\">Impressum<\/a>\u00a0 &#8211;\u00a0 <\/strong><a style=\"color: #333333;\" href=\"https:\/\/av-melchow.de\/?page_id=156\"><strong>Datenschutz<\/strong><\/a><\/span><\/p>\t\t\t\t\t\t\t\t<\/div>\n\t\t\t\t<\/div>\n\t\t\t\t\t<\/div>\n\t\t\t\t<\/div>\n\t\t\t\t<\/div>\n\t\t","protected":false},"excerpt":{"rendered":"<p>Beitr\u00e4ge aus dem Jahr 2015 Versanstaltungen 2015 Aktueller Terminkalender &#8211; Termine 2015 als PDF Jan\/Anfang Feb Eisangeln AV Melchow Jan\/Anfang Feb 13.02.2015 19:00 Versammlung Touristisches Melchower Krug \u00a0 \u00a0 Letzter Termin f\u00fcr die Bezahlung der Beitragsmarken 2015! 21.02.2015 \u00a0 1 Arbeitsansatz am Karpfenteich gem\u00e4\u00df der Wetterlage 04.04.2015 09:00 Arbeitseinsatz am Schw\u00e4rzesee 12.04.2014 06:30 1. Hegefischen [&hellip;]<\/p>\n","protected":false},"author":3,"featured_media":0,"parent":0,"menu_order":0,"comment_status":"closed","ping_status":"closed","template":"","meta":{"footnotes":""},"class_list":["post-572","page","type-page","status-publish","hentry"],"_links":{"self":[{"href":"https:\/\/avmelchow.de\/index.php?rest_route=\/wp\/v2\/pages\/572","targetHints":{"allow":["GET"]}}],"collection":[{"href":"https:\/\/avmelchow.de\/index.php?rest_route=\/wp\/v2\/pages"}],"about":[{"href":"https:\/\/avmelchow.de\/index.php?rest_route=\/wp\/v2\/types\/page"}],"author":[{"embeddable":true,"href":"https:\/\/avmelchow.de\/index.php?rest_route=\/wp\/v2\/users\/3"}],"replies":[{"embeddable":true,"href":"https:\/\/avmelchow.de\/index.php?rest_route=%2Fwp%2Fv2%2Fcomments&post=572"}],"version-history":[{"count":10,"href":"https:\/\/avmelchow.de\/index.php?rest_route=\/wp\/v2\/pages\/572\/revisions"}],"predecessor-version":[{"id":1211,"href":"https:\/\/avmelchow.de\/index.php?rest_route=\/wp\/v2\/pages\/572\/revisions\/1211"}],"wp:attachment":[{"href":"https:\/\/avmelchow.de\/index.php?rest_route=%2Fwp%2Fv2%2Fmedia&parent=572"}],"curies":[{"name":"wp","href":"https:\/\/api.w.org\/{rel}","templated":true}]}}