{"id":634,"date":"2025-06-29T16:43:47","date_gmt":"2025-06-29T16:43:47","guid":{"rendered":"https:\/\/avmelchow.de\/?page_id=634"},"modified":"2025-06-29T16:43:56","modified_gmt":"2025-06-29T16:43:56","slug":"beitraege-2014","status":"publish","type":"page","link":"https:\/\/avmelchow.de\/?page_id=634","title":{"rendered":"Beitr\u00e4ge 2014"},"content":{"rendered":"\t\t<div data-elementor-type=\"wp-post\" data-elementor-id=\"634\" class=\"elementor elementor-634\">\n\t\t\t\t<div class=\"elementor-element elementor-element-2f998ee e-flex e-con-boxed e-con e-parent\" data-id=\"2f998ee\" data-element_type=\"container\" data-e-type=\"container\">\n\t\t\t\t\t<div class=\"e-con-inner\">\n\t\t<div class=\"elementor-element elementor-element-1bb3a327 e-con-full e-flex e-con e-child\" data-id=\"1bb3a327\" data-element_type=\"container\" data-e-type=\"container\" data-settings=\"{&quot;background_background&quot;:&quot;classic&quot;}\">\n\t\t\t\t<div class=\"elementor-element elementor-element-489f6baf elementor-widget elementor-widget-heading\" data-id=\"489f6baf\" data-element_type=\"widget\" data-e-type=\"widget\" data-widget_type=\"heading.default\">\n\t\t\t\t<div class=\"elementor-widget-container\">\n\t\t\t\t\t<h2 class=\"elementor-heading-title elementor-size-default\">Beitr\u00e4ge aus dem Jahr 2014<\/h2>\t\t\t\t<\/div>\n\t\t\t\t<\/div>\n\t\t\t\t<div class=\"elementor-element elementor-element-4ad3d0b0 elementor-widget-divider--view-line elementor-widget elementor-widget-divider\" data-id=\"4ad3d0b0\" data-element_type=\"widget\" data-e-type=\"widget\" data-widget_type=\"divider.default\">\n\t\t\t\t<div class=\"elementor-widget-container\">\n\t\t\t\t\t\t\t<div class=\"elementor-divider\">\n\t\t\t<span class=\"elementor-divider-separator\">\n\t\t\t\t\t\t<\/span>\n\t\t<\/div>\n\t\t\t\t\t\t<\/div>\n\t\t\t\t<\/div>\n\t\t\t\t<\/div>\n\t\t<div class=\"elementor-element elementor-element-3924d85b e-con-full e-flex e-con e-child\" data-id=\"3924d85b\" data-element_type=\"container\" data-e-type=\"container\" data-settings=\"{&quot;background_background&quot;:&quot;classic&quot;}\">\n\t\t<div class=\"elementor-element elementor-element-1edccf35 e-con-full e-flex e-con e-child\" data-id=\"1edccf35\" data-element_type=\"container\" data-e-type=\"container\">\n\t\t\t\t<div class=\"elementor-element elementor-element-71afde66 elementor-widget elementor-widget-heading\" data-id=\"71afde66\" data-element_type=\"widget\" data-e-type=\"widget\" data-widget_type=\"heading.default\">\n\t\t\t\t<div class=\"elementor-widget-container\">\n\t\t\t\t\t<h2 class=\"elementor-heading-title elementor-size-default\">Veranstaltungen 2014<\/h2>\t\t\t\t<\/div>\n\t\t\t\t<\/div>\n\t\t\t\t<div class=\"elementor-element elementor-element-57682f40 elementor-widget elementor-widget-text-editor\" data-id=\"57682f40\" data-element_type=\"widget\" data-e-type=\"widget\" data-widget_type=\"text-editor.default\">\n\t\t\t\t<div class=\"elementor-widget-container\">\n\t\t\t\t\t\t\t\t\t<p>Aktueller Terminkalender &#8211; <a href=\"http:\/\/avmelchow.de\/wp-content\/documents\/2014-01_Termine_AV-Melchow_2014.pdf\" target=\"_blank\" rel=\"noopener\">Termine 2014 als PDF<\/a><\/p><table border=\"0\" width=\"672\"><tbody><tr align=\"left\"><td><strong>Jan\/<\/strong><\/td><td><strong>Feb<\/strong><\/td><td><strong>Quappenangeln an der Oder<\/strong><\/td><\/tr><tr align=\"left\"><td><strong>Jan\/Anfang<\/strong><\/td><td><strong>Feb<\/strong><\/td><td><strong>Eisangeln AV Melchow\u00a0<\/strong><\/td><\/tr><tr align=\"left\"><td><strong>07.02.2014<\/strong><\/td><td><strong>19:00<\/strong><\/td><td><strong>Wahlversammlung Touristisches Begegnungszentrum Melchow<\/strong><\/td><\/tr><tr align=\"left\"><td>\u00a0<\/td><td>\u00a0<\/td><td><strong>Letzter Termin f\u00fcr die Bezahlung der Beitragsmarken 2014!<\/strong><\/td><\/tr><tr align=\"left\"><td><p><strong>M\u00e4rz 14<\/strong><\/p><\/td><td>\u00a0<\/td><td><strong>Arbeitsansatz am Karpfenteich gem\u00e4\u00df der Wetterlage<\/strong><\/td><\/tr><tr align=\"left\"><td><strong>05.04.2014<\/strong><\/td><td><strong>09:00<\/strong><\/td><td><strong>Arbeitseinsatz am Schw\u00e4rzesee<\/strong><\/td><\/tr><tr align=\"left\"><td>06.04.2014<\/td><td>06:00<\/td><td>1. Hegefischen \u201ePokal des Angelhauses Barnim\u201c, Finowkanal Finowfurt<\/td><\/tr><tr align=\"left\"><td><strong>27.04.2014<\/strong><\/td><td>\u00a0<\/td><td><strong>Anangeln AV Melchow \u201eHeringsangeln\u201c (noch unter Vorbehalt da Sonntag!!!)<\/strong><\/td><\/tr><tr align=\"left\"><td><strong>Anfang Mai<\/strong><\/td><td>\u00a0<\/td><td><strong>Hornhechtangeln AV Melchow<\/strong><\/td><\/tr><tr align=\"left\"><td>11.05.2014<\/td><td>05:00<\/td><td>2. Hegefischen KAV, Oder-Havel-Kanal; Sportplatz Oderberg<\/td><\/tr><tr align=\"left\"><td>01.06.2014<\/td><td>05:00<\/td><td>3. Hegefischen KAV \u201ePokal des Pr\u00e4sidenten des KAV\u201c, Oder-Havel-Kanal, M\u00e4ckerseebr\u00fccke<\/td><\/tr><tr align=\"left\"><td>22.06.2014<\/td><td>05:00<\/td><td>4. Hegefischen \u201ePokal des Angelcenters Eberswalde\u201c, Oder-Havel-Kanal Sportplatz Oderberg<\/td><\/tr><tr align=\"left\"><td><strong>19.07.2014<\/strong><\/td><td><strong>17:00<\/strong><\/td><td><strong>Nachtangel AV Melchow<\/strong><\/td><\/tr><tr align=\"left\"><td>31.08.2014<\/td><td>06:00<\/td><td>Kinder und Jugendangeltag KAV Barnim, (Ort noch ungewiss)<\/td><\/tr><tr align=\"left\"><td><strong>20.09.2014<\/strong><\/td><td><strong>09:00<\/strong><\/td><td><strong>Arbeitseinsatz am Schw\u00e4rzesee<\/strong><\/td><\/tr><tr align=\"left\"><td>21.09.2014<\/td><td>06:00<\/td><td>5. Hegefischen KAV Barnim, Oder Havel Kanal TGE<\/td><\/tr><tr align=\"left\"><td><strong>04.10.2014<\/strong><\/td><td><strong>08:00<\/strong><\/td><td><strong>Abangeln AV Melchow<\/strong><\/td><\/tr><tr align=\"left\"><td><strong>06.12.2014<\/strong><\/td><td><strong>19:00<\/strong><\/td><td><strong>Mitgliederversammlung, Jahresabschluss 2014<\/strong><\/td><\/tr><tr align=\"left\"><td valign=\"top\">\u00a0<\/td><td valign=\"top\">\u00a0<\/td><td valign=\"top\">\u00a0<\/td><\/tr><tr align=\"left\"><td valign=\"top\"><strong>Hinweis:<\/strong><\/td><td valign=\"top\">\u00a0<\/td><td valign=\"top\"><strong>F\u00fcr alle KAV Veranstaltungen erfolgt die Anmeldung neuerdings vor Ort!<\/strong><\/td><\/tr><tr><td valign=\"top\">\u00a0<\/td><td valign=\"top\">\u00a0<\/td><td valign=\"top\">\u00a0<\/td><\/tr><tr><td valign=\"top\">\u00a0<\/td><td valign=\"top\">\u00a0<\/td><td valign=\"top\"><div class=\"Stil3\" align=\"center\">AV Melchow e.V.<br \/>Daniel Freier, Tel. 03337\/41147<br \/>16230 Melchow, Alte Dorfstr. 21<\/div><\/td><\/tr><\/tbody><\/table>\t\t\t\t\t\t\t\t<\/div>\n\t\t\t\t<\/div>\n\t\t\t\t<div class=\"elementor-element elementor-element-7a0640dd elementor-widget-divider--view-line elementor-widget elementor-widget-divider\" data-id=\"7a0640dd\" data-element_type=\"widget\" data-e-type=\"widget\" data-widget_type=\"divider.default\">\n\t\t\t\t<div class=\"elementor-widget-container\">\n\t\t\t\t\t\t\t<div class=\"elementor-divider\">\n\t\t\t<span class=\"elementor-divider-separator\">\n\t\t\t\t\t\t<\/span>\n\t\t<\/div>\n\t\t\t\t\t\t<\/div>\n\t\t\t\t<\/div>\n\t\t\t\t<\/div>\n\t\t\t\t<\/div>\n\t\t\t\t\t<\/div>\n\t\t\t\t<\/div>\n\t\t<div class=\"elementor-element elementor-element-224f434d e-grid e-con-boxed e-con e-parent\" data-id=\"224f434d\" data-element_type=\"container\" data-e-type=\"container\">\n\t\t\t\t\t<div class=\"e-con-inner\">\n\t\t\t\t<div class=\"elementor-element elementor-element-7c259615 elementor-widget elementor-widget-heading\" data-id=\"7c259615\" data-element_type=\"widget\" data-e-type=\"widget\" data-widget_type=\"heading.default\">\n\t\t\t\t<div class=\"elementor-widget-container\">\n\t\t\t\t\t<p class=\"elementor-heading-title elementor-size-default\">\u00a92025 Angelverein Melchow e.V.<\/p>\t\t\t\t<\/div>\n\t\t\t\t<\/div>\n\t\t\t\t<div class=\"elementor-element elementor-element-5bad23a5 elementor-widget elementor-widget-text-editor\" data-id=\"5bad23a5\" data-element_type=\"widget\" data-e-type=\"widget\" data-widget_type=\"text-editor.default\">\n\t\t\t\t<div class=\"elementor-widget-container\">\n\t\t\t\t\t\t\t\t\t<p style=\"text-align: right;\"><span style=\"color: #333333;\"><strong><a style=\"color: #333333;\" href=\"https:\/\/av-melchow.de\/?page_id=151\">Impressum<\/a>\u00a0 &#8211;\u00a0 <\/strong><a style=\"color: #333333;\" href=\"https:\/\/av-melchow.de\/?page_id=156\"><strong>Datenschutz<\/strong><\/a><\/span><\/p>\t\t\t\t\t\t\t\t<\/div>\n\t\t\t\t<\/div>\n\t\t\t\t\t<\/div>\n\t\t\t\t<\/div>\n\t\t\t\t<\/div>\n\t\t","protected":false},"excerpt":{"rendered":"<p>Beitr\u00e4ge aus dem Jahr 2014 Veranstaltungen 2014 Aktueller Terminkalender &#8211; Termine 2014 als PDF Jan\/ Feb Quappenangeln an der Oder Jan\/Anfang Feb Eisangeln AV Melchow\u00a0 07.02.2014 19:00 Wahlversammlung Touristisches Begegnungszentrum Melchow \u00a0 \u00a0 Letzter Termin f\u00fcr die Bezahlung der Beitragsmarken 2014! M\u00e4rz 14 \u00a0 Arbeitsansatz am Karpfenteich gem\u00e4\u00df der Wetterlage 05.04.2014 09:00 Arbeitseinsatz am Schw\u00e4rzesee [&hellip;]<\/p>\n","protected":false},"author":3,"featured_media":0,"parent":0,"menu_order":0,"comment_status":"closed","ping_status":"closed","template":"","meta":{"footnotes":""},"class_list":["post-634","page","type-page","status-publish","hentry"],"_links":{"self":[{"href":"https:\/\/avmelchow.de\/index.php?rest_route=\/wp\/v2\/pages\/634","targetHints":{"allow":["GET"]}}],"collection":[{"href":"https:\/\/avmelchow.de\/index.php?rest_route=\/wp\/v2\/pages"}],"about":[{"href":"https:\/\/avmelchow.de\/index.php?rest_route=\/wp\/v2\/types\/page"}],"author":[{"embeddable":true,"href":"https:\/\/avmelchow.de\/index.php?rest_route=\/wp\/v2\/users\/3"}],"replies":[{"embeddable":true,"href":"https:\/\/avmelchow.de\/index.php?rest_route=%2Fwp%2Fv2%2Fcomments&post=634"}],"version-history":[{"count":7,"href":"https:\/\/avmelchow.de\/index.php?rest_route=\/wp\/v2\/pages\/634\/revisions"}],"predecessor-version":[{"id":1198,"href":"https:\/\/avmelchow.de\/index.php?rest_route=\/wp\/v2\/pages\/634\/revisions\/1198"}],"wp:attachment":[{"href":"https:\/\/avmelchow.de\/index.php?rest_route=%2Fwp%2Fv2%2Fmedia&parent=634"}],"curies":[{"name":"wp","href":"https:\/\/api.w.org\/{rel}","templated":true}]}}