{"id":694,"date":"2025-02-21T20:03:42","date_gmt":"2025-02-21T20:03:42","guid":{"rendered":"https:\/\/avmelchow.de\/?page_id=694"},"modified":"2026-01-25T12:53:46","modified_gmt":"2026-01-25T12:53:46","slug":"satzung","status":"publish","type":"page","link":"https:\/\/avmelchow.de\/?page_id=694","title":{"rendered":"Satzung"},"content":{"rendered":"\t\t<div data-elementor-type=\"wp-page\" data-elementor-id=\"694\" class=\"elementor elementor-694\">\n\t\t\t\t<div class=\"elementor-element elementor-element-dc2e06e e-flex e-con-boxed e-con e-parent\" data-id=\"dc2e06e\" data-element_type=\"container\" data-e-type=\"container\">\n\t\t\t\t\t<div class=\"e-con-inner\">\n\t\t<div class=\"elementor-element elementor-element-199e192 e-con-full e-flex e-con e-child\" data-id=\"199e192\" data-element_type=\"container\" data-e-type=\"container\" data-settings=\"{&quot;background_background&quot;:&quot;gradient&quot;}\">\n\t\t\t\t<div class=\"elementor-element elementor-element-1208da2 elementor-widget elementor-widget-heading\" data-id=\"1208da2\" data-element_type=\"widget\" data-e-type=\"widget\" data-widget_type=\"heading.default\">\n\t\t\t\t<div class=\"elementor-widget-container\">\n\t\t\t\t\t<h2 class=\"elementor-heading-title elementor-size-default\">Satzung des Anglervereins Melchow e.V.<\/h2>\t\t\t\t<\/div>\n\t\t\t\t<\/div>\n\t\t\t\t<div class=\"elementor-element elementor-element-7901d52 elementor-widget elementor-widget-text-editor\" data-id=\"7901d52\" data-element_type=\"widget\" data-e-type=\"widget\" data-widget_type=\"text-editor.default\">\n\t\t\t\t<div class=\"elementor-widget-container\">\n\t\t\t\t\t\t\t\t\t<h4><strong>\u00a71 <\/strong><strong>Name, Sitz, Rechtsform<\/strong><\/h4><ol><li>Der Verein f\u00fchrt den Namen:<br \/><strong>Anglerverein Melchow e.V.<br \/><\/strong>im folgenden ,,Anglerverein (AV)&#8220; genannt.<br \/>Er ist im Vereinsregister unter der Nummer VR 341 des Amts-\/Kreisgerichtes Bernau eingetragen.<\/li><\/ol><ol start=\"2\"><li>Der Sitz des Anglervereins ist Melchow.<\/li><\/ol><ol start=\"3\"><li>Der AV vertritt ausschlie\u00dflich gemeinn\u00fctzige Interessen. Er ist Mitglied des Kreisanglerverbandes Barnim e.V., dessen Satzung in der jeweils g\u00fcltigen Fassung anerkannt wird.<\/li><\/ol><ol start=\"4\"><li>Das Gesch\u00e4ftsjahr ist das Kalenderjahr.<\/li><\/ol><h4><strong>\u00a72 Zweck, Aufgaben<\/strong><\/h4><ol><li>Anliegen des AV Melchow e.V. ist die Interessenvertretung seiner Mitglieder zur Erhaltung bzw. Schaffung von M\u00f6glichkeiten und Voraussetzungen zur Aus\u00fcbung aller Formen des waid- und hegerechten Angelns sowie die Erhaltung und Pflege der Natur, insbesondere der Gew\u00e4sser, die Hege der Fischbest\u00e4nde unter Beachtung des Tier- und Artenschutzes. In diesem Sinne regt er seine Mitglieder zu einer aktiven Bet\u00e4tigung in der Natur im Interesse der Allgemeinheit an und f\u00f6rdert ihre satzungsgem\u00e4\u00dfe, gemeinn\u00fctzige T\u00e4tigkeit.<\/li><\/ol><ol start=\"2\"><li>Der AV Melchow e.V. verwirklicht seine Zwecke insbesondere durch:<p>a) die Aus\u00fcbung und F\u00f6rderung des waid- und hegegerechten Angelns<br \/>b) die Aus\u00fcbung des Casting<br \/>c) die Zusammenarbeit mit den entsprechenden Beh\u00f6rden, wissenschaftlichen Instituten, Vereinigungen und Verb\u00e4nden, die sich f\u00fcr die Gestaltung der Landeskultur und Naturschutz einsetzen<br \/>d) die Bet\u00e4tigung seiner Mitglieder im Umwelt-, Gew\u00e4sser-, Landschafts-, Natur- und Tierschutz<br \/>e) Hege und Pflege der Fischbest\u00e4nde unter besonderer Beachtung der Arterhaltung und der Wiedereinb\u00fcrgerung verschollener bzw. abgewanderter Arten<br \/>f) die Pflege und Erhaltung der im und am Gew\u00e4sser beheimateten Tiere und Pflanzen sowie ihres Biotops, einschlie\u00dflich der Mitwirkung der Wiederherstellung desselben<br \/>g) die Durchf\u00fchrung bzw. Unterst\u00fctzung von Ausbildungsma\u00dfnahmen und Schulungen zum Fischereirecht und weiteren Gesetzen und Verordnungen f\u00fcr seine Mitglieder sowie die Durchf\u00fchrung von Anglerveranstaltungen unter besonderer hegerischer Erfordernisse<br \/>h) die Heranf\u00fchrung der Jugend an das Angeln und die Bet\u00e4tigung in den Schutzprogrammen gem\u00e4\u00df Punkt d<br \/>i) die Unterst\u00fctzung von Mitgliedern bei der Erhaltung und Schaffung von M\u00f6glichkeiten zur Aus\u00fcbung des Angelns in allen seinen Formen<br \/>j) die Interessenvertretung seiner Mitglieder gegen\u00fcber dem Kreisanglerverband, dem Landesanglerverband, sonstigen Beh\u00f6rden und Institutionen der Stadt\/Kreis und in der \u00d6ffentlichkeit.<\/p><\/li><\/ol><h4><strong>\u00a73 Grunds\u00e4tze, Gemeinn\u00fctzigkeit<\/strong><\/h4><ol><li>Der AV Melchow e.V. ist selbstlos t\u00e4tig, er verfolgt nicht in erster Linie eigenwirtschaftliche Zwecke. Seine Ziele verfolgt er ausschlie\u00dflich und unmittelbar auf der Grundlage der Gemeinn\u00fctzigkeit im Sinne des Abschnitts \u201esteuerbeg\u00fcnstigte Zwecke\u201c der Abgabenordnung.<\/li><\/ol><ol start=\"2\"><li>Mittel des AV Melchow e.V. d\u00fcrfen nur f\u00fcr die satzungsgem\u00e4\u00dfen Zwecke verwendet werden. Die Mitglieder erhalten keine Zuwendungen aus Mitteln des Vereins.<\/li><\/ol><ol start=\"3\"><li>Es darf keine Person durch Ausgaben, die dem Zweck der K\u00f6rperschaft fremd sind oder durch unverh\u00e4ltnism\u00e4\u00dfig hohe Verg\u00fctungen beg\u00fcnstigt werden. Die Inhaber von Vereins\u00e4mtern (Vorstandsmitgliedern) \u00fcben ihre T\u00e4tigkeit ehrenamtlich aus.<\/li><\/ol><h4><strong>\u00a74 Mitgliedschaft<\/strong><\/h4><ol><li>Mitglieder des AV Melchow e.V. k\u00f6nnen alle nat\u00fcrlichen Personen werden, die die Satzung des Vereins anerkennen.<\/li><\/ol><ol start=\"2\"><li>Die Mitgliedschaft ist schriftlich zu erkl\u00e4ren. Sie wird, nach Entscheidung des gesch\u00e4ftsf\u00fchrenden Vorstandes, rechtskr\u00e4ftig.<\/li><\/ol><ol start=\"3\"><li>Die f\u00f6rdernde Mitgliedschaft von nat\u00fcrlichen und juristischen Personen ist zul\u00e4ssig. F\u00f6rdernde Mitglieder haben kein Stimmrecht.<\/li><\/ol><ol start=\"4\"><li>Die Mitgliedschaft endet:<br \/>a) mit sofortiger Wirkung bei Tod eines Mitgliedes<br \/>b) durch schriftliche Austrittserkl\u00e4rung\/K\u00fcndigung der Mitgliedschaft mit eingeschriebenen Brief an den gesch\u00e4ftsf\u00fchrenden Vorstand mit einer Frist von einem Kalendervierteljahr zum 31. Dezember<br \/>c) durch Ausschluss aus dem AV Melchow e.V. .<p>Ein Mitglied, dass im erheblichem Ma\u00df der Satzung, besonders dem Satzungszweck zuwiderhandelt und damit dem AV Melchow e.V. oder eines seiner Mitglieder in der \u00d6ffentlichkeit verleumdet oder sch\u00e4digt bzw. wiederholt gegen Vereinsbeschl\u00fcsse verst\u00f6\u00dft, kann durch Beschluss des gesch\u00e4ftsf\u00fchrenden Vorstandes aus dem AV Melchow e.V. ausgeschlossen werden. Der Widerspruch ist an die Mitgliederversammlung zu richten. Die Mitgliederversammlung entscheidet endg\u00fcltig.<\/p><\/li><\/ol><h4><strong>\u00a75 Rechte und Pflichten der Mitglieder<\/strong><\/h4><p>1. Die Mitglieder, au\u00dfer f\u00f6rdernde Mitglieder, haben im Rahmen des Satzungszweckes das Recht:<br \/>a) auf ideelle Unterst\u00fctzung in ihren Angelegenheiten soweit diese nicht den Rechten bzw. Interessen anderer Mitglieder entgegenstehen<br \/>b) auf Unterst\u00fctzung bei Verhandlungen mit Beh\u00f6rden, nat\u00fcrlichen und juristischen Personen<br \/>c) von den Vereinsorganen \u00fcber neue Bestimmungen zum Fischerei-, Vereins-, Steuerrecht und zum Arten- und Tierschutz Informationen zu erhalten und sich in diesen Fragen beraten zu lassen<br \/>d) die Einrichtungen des AV Melchow e.V. zu nutzen und an den Mitteln, die der Anglerverein zu F\u00f6rderzwecken erh\u00e4lt, beteiligt zu werden<br \/>e) die Ausbildungsm\u00f6glichkeiten bzw. Vermittlung zur Ausbildung durch die Vereinsorgane zu nutzen.<\/p><p>2. Die Mitglieder sind verpflichtet:<br \/>a) die Bestimmungen der Gemeinn\u00fctzigkeit in der jeweils g\u00fcltigen Fassung einzuhalten<br \/>b) sich satzungsgem\u00e4\u00df zu verhalten, die gefassten Beschl\u00fcsse des AV Melchow e.V. einzuhalten<br \/>c) sich f\u00fcr den Satzungszweck einzusetzen<br \/>d) ihre finanziellen Verpflichtungen gegen\u00fcber dem AV Melchow e.V. fristgem\u00e4\u00df zu erf\u00fcllen.<br \/>e) den Vorstand \u00fcber vereinssch\u00e4digende Bet\u00e4tigungen, Verst\u00f6\u00dfe gegen die Satzung anderer Mitglieder nach Kenntnis zu informieren.<br \/>f) kein Rechtsgesch\u00e4ft, Verhandlungen zu diesem, mit Dritten entgegen den Interessen eines anderen Mitgliedes des AV Melchow e.V. vorzunehmen, wenn das andere Mitglied vorher sein Interesse bekundet und noch nicht aufgegeben hat.<\/p><h4><strong>\u00a76 Mitgliedsbeitr\u00e4ge<\/strong><\/h4><p>Der AV Melchow e.V. erhebt einen j\u00e4hrlichen Mitgliedsbeitrag.<\/p><p>Die H\u00f6he des Mitgliedsbeitrages wird von der Mitgliederversammlung festgesetzt.<\/p><h4><strong>\u00a77 Organe<\/strong><\/h4><ol><li>Die Organe des AV Melchow e.V. sind:<\/li><\/ol><ul><li>die Mitgliederversammlung<\/li><li>der Vorstand<\/li><\/ul><ol start=\"2\"><li>Die Mitgliederversammlung ist das oberste Organ des AV Melchow e.V. Seine Beschl\u00fcsse sind f\u00fcr alle Organe und Mitglieder des AV Melchow e.V. bindend.<\/li><\/ol><h4><strong>\u00a78 Mitgliederversammlung<\/strong><strong>\u00a0<\/strong><\/h4><ol><li>Die j\u00e4hrlich mindestens einmal einzuberufende Mitgliederversammlung beschlie\u00dft au\u00dfer \u00fcber die gestellten Antr\u00e4ge, insbesondere \u00fcber den Gesch\u00e4ftsbericht, die Wahl und Entlastung des Vorstandes, \u00c4nderungen der Satzung sowie die Aufl\u00f6sung des Vereins.<\/li><\/ol><ol start=\"2\"><li>Eine au\u00dferordentliche Mitgliederversammlung ist einzuberufen, wenn es das Interesse des Anglervereins erfordert oder wenn ein Mitglied des Vorstandes oder ein Viertel der Mitglieder es verlangen.<\/li><\/ol><ol start=\"3\"><li>Die Mitgliederversammlung ist von einem Vorstandsmitglied schriftlich unter Einhaltung einer Frist von drei Wochen (Postaufgabedatum) und Bekanntgabe der zu behandelnden Tagesordnung zu berufen.<\/li><\/ol><ol start=\"4\"><li>Beschlussf\u00e4hig ist jede ordnungsgem\u00e4\u00df einberufene Mitgliederversammlung. Bei der Beschlussfassung entscheidet die Mehrheit der anwesenden Mitglieder. F\u00fcr Satzungs\u00e4nderungen ist eine 3\/4 &#8211; Mehrheit der anwesenden Mitglieder erforderlich. Bei einem Beschluss, der eine Neuwahl des Vorstandes oder auch die Aufl\u00f6sung des Anglervereins Melchow e.V. beinhaltet, ist eine 3\/4 &#8211; Mehrheit der anwesenden Mitglieder erforderlich. \u00dcber die in der Mitgliederversammlung gefassten Beschl\u00fcsse ist eine vom Vorsitzenden der Mitgliederversammlung zu unterzeichnende Niederschrift aufzunehmen<\/li><\/ol><ol start=\"5\"><li>Die Mitgliederversammlung regelt die Angelegenheiten des Anglervereins, soweit sie nicht durch den Vorstand wahrgenommen werden. Er setzt die endg\u00fcltige Tagesordnung fest und ist insbesondere zust\u00e4ndig f\u00fcr:<\/li><\/ol><ul><li style=\"list-style-type: none;\"><ol><li>Durchf\u00fchrung der satzungsgem\u00e4\u00dfen Wahlen<\/li><li>Entgegennahme des Jahresberichtes und der Jahresabrechnung unter Offenlegen der Finanzen<\/li><li>Entlastung des Vorstandes<\/li><li>Genehmigung des Haushaltsplanes<\/li><li>Festsetzung der H\u00f6he des Mitgliederbeitrages<\/li><li>Beschlussfassung \u00fcber Satzungs\u00e4nderungen<\/li><li>Beschlussfassung \u00fcber eingebrachte Antr\u00e4ge<\/li><li>Beschlussfassung \u00fcber Aufl\u00f6sung des Anglervereins<\/li><\/ol><\/li><\/ul><ol start=\"6\"><li>Die Mitgliederversammlung wird vom Vorstandsvorsitzenden, dem stellvertretenden Vorsitzenden oder einem durch die Mitgliederversammlung zu w\u00e4hlenden Stimmberechtigten geleitet.<\/li><\/ol><ol start=\"7\"><li>Jedes Vereinsmitglied hat eine Stimme, Stimmen\u00fcbertragung ist nicht m\u00f6glich.<\/li><\/ol><h4><strong>\u00a79 Vorstand<\/strong><\/h4><ol><li><strong>\u00a0<\/strong>Der Vorstand setzt sich zusammen aus:<\/li><\/ol><ul><li style=\"list-style-type: none;\"><ul><li>dem Vorsitzenden<\/li><li>dem stellvertretenden Vorsitzenden<\/li><li>dem Schatzmeister<\/li><li>weitere Referenten<\/li><\/ul><\/li><\/ul><ol start=\"2\"><li>den gesch\u00e4ftsf\u00fchrenden Vorstand bilden:<\/li><\/ol><ul><li style=\"list-style-type: none;\"><ul><li>der Vorsitzende<\/li><li>der stellvertretende Vorsitzende<\/li><li>der Schatzmeister<\/li><\/ul><\/li><\/ul><ol start=\"3\"><li>den Vertretungsvorstand gem\u00e4\u00df \u00a7 26 BGB bilden:<\/li><\/ol><ul><li style=\"list-style-type: none;\"><ul><li>der Vorsitzende<\/li><li>der stellvertretende Vorsitzende<\/li><li>der Schatzmeister<\/li><\/ul><\/li><\/ul><p>Sie vertreten sich gegenseitig, sie sind alleinvertretungsberechtigt.<\/p><ol start=\"4\"><li>Beschl\u00fcsse werden mit einfacher Mehrheit der erschienenen Mitglieder gefasst. Bei Stimmengleichheit gilt der Beschluss als nicht angenommen.<\/li><\/ol><ol start=\"5\"><li>Der Vorstand wird auf die Dauer von 3 Jahren gew\u00e4hlt. Er bleibt so lange im Amt, bis eine Neuwahl erfolgt. Die Wiederwahl ist zul\u00e4ssig. Bei Ausscheiden eines Vorstandsmitgliedes erfolgt die Neuwahl eines neuen Vorstandsmitgliedes durch die Mitgliederversammlung.<\/li><\/ol><ol start=\"6\"><li>Die Vorstandsmitglieder haben Anspruch auf eine angemessene Verg\u00fctung und Ersatz aller nachgewiesenen Auslagen, die ihnen bei der Wahrnehmung ihrer Aufgaben entstanden sind.<\/li><\/ol><ol start=\"7\"><li>Vorstandsmitglieder k\u00f6nnen bei grober Pflichtverletzung oder Unf\u00e4higkeit zur ordnungsgem\u00e4\u00dfen Gesch\u00e4ftsf\u00fchrung mit Beschluss der Mitgliederversammlung von ihrer Funktion entbunden werden.<\/li><\/ol><h4><strong>$10 Bekanntmachungen, Niederschriften<\/strong><strong>\u00a0<\/strong><\/h4><ol><li>\u00dcber die Beratungen der Mitgliederversammlungen und des Vereinsvorstandes sind Protokolle anzufertigen, die vom jeweiligen Versammlungsleiter und vom Protokollf\u00fchrer zu unterzeichnen sind.<br \/>Zwingend geforderte Beschl\u00fcsse sind zu beurkunden.<br \/><br \/><\/li><li>Bekanntmachungen des AV Melchow e.V. erfolgen durch einfachen Brief<\/li><\/ol><h4><strong>\u00a711 Vereinsschiedsgericht<\/strong><strong>\u00a0<\/strong><\/h4><ol><li>Das Vereinsschiedsgericht besteht aus einem Vorsitzenden, zwei stellvertretenden Beisitzern und zwei weiteren Mitgliedern. Es ist nur der Mitgliederversammlung rechenschaftspflichtig.<\/li><\/ol><ol start=\"2\"><li>Das Vereinsschiedsgericht entscheidet auf schriftlichen Antrag bei:<\/li><\/ol><ul><li style=\"list-style-type: none;\"><ul><li style=\"text-align: left;\">Meinungsverschiedenheiten zwischen Mitgliedern untereinander<\/li><li style=\"text-align: left;\">zwischen Mitgliedern und Vorstand.<\/li><\/ul><\/li><\/ul><h4><strong>\u00a712 Aussch\u00fcsse<\/strong><\/h4><ol><li>F\u00fcr die Erledigung von Aufgaben sind st\u00e4ndige und nichtst\u00e4ndige Aussch\u00fcsse zu w\u00e4hlen, die als Fachorgane zur Unterst\u00fctzung des Vorstandes fungieren. In jedem Ausschuss muss ein Vorstandsmitglied vertreten sein. Die weiteren Ausschussmitglieder d\u00fcrfen nicht Vorstandsmitglied, jedoch Mitglied des AV sein.<\/li><\/ol><ol start=\"2\"><li>Die Aussch\u00fcsse haben vorbereitende, kontrollierende, beratende und ausf\u00fchrende Funktion. Sie sind nicht beschluss-, jedoch antragsberechtigt.<\/li><\/ol><ol start=\"3\"><li>Die Arbeit der Aussch\u00fcsse wird bei st\u00e4ndigen Aussch\u00fcssen mit entsprechender Ordnung, bei zeitweiligen Aussch\u00fcssen mit Beschluss des Vorstandes geregelt.<\/li><\/ol><ol start=\"4\"><li>Die Mitgliederversammlung w\u00e4hlt 3 Revisoren f\u00fcr eine Wahlperiode. Diesen obliegt es, im Jahr mindestens eine Pr\u00fcfung durchzuf\u00fchren und deren Ergebnis der Mitgliederversammlung mitzuteilen.<\/li><\/ol><p>Sie haben auf der Mitgliederversammlung die Entlastung des Vorstandes zu beantragen bzw. bekannt zu geben, warum dieser Antrag nicht gestellt wird.<\/p><h4><strong>\u00a713 Aufl\u00f6sung<\/strong><\/h4><ol><li><strong>\u00a0<\/strong>\u00dcber die Aufl\u00f6sung des AV Melchow e.V. oder Wegfall des vereinbarten Vereinszwecks beschlie\u00dft die Mitgliederversammlung mit einer 3\/4 Mehrheit der erschienenen, stimmberechtigten Mitglieder.<\/li><li>Liquidatoren sind zwei unabh\u00e4ngige Personen sowie ein Vorstandsmitglied, die von der Mitgliederversammlung gew\u00e4hlt werden.<\/li><\/ol><ol start=\"3\"><li>Bei Aufl\u00f6sung des AV Melchow e.V. oder bei Wegfall seines bisherigen Zwecks f\u00e4llt nach Abdeckung der Verbindlichkeiten das Verm\u00f6gen des Vereins an den Landesanglerverband Brandenburg, der es unmittelbar und ausschlie\u00dflich f\u00fcr gemeinn\u00fctzige Zwecke zu verwenden hat. Beschl\u00fcsse \u00fcber Verm\u00f6gensverwendung in diesem Fall d\u00fcrfen erst nach Einwilligung des zust\u00e4ndigen Finanzamtes gefasst und ausgef\u00fchrt werden.<\/li><\/ol><h4><strong>\u00a0\u00a714 Gerichtsstand<\/strong><\/h4><p>Gerichtsstand f\u00fcr alle Rechtsstreitigkeiten ist Bernau.<\/p><h4><strong>\u00a715 Inkrafttreten<\/strong><\/h4><p>Diese Satzung wurde auf der ordentlichen Mitgliederversammlung am 18.01.2002 beschlossen und tritt mit Beschlussfassung in Kraft.<\/p>\t\t\t\t\t\t\t\t<\/div>\n\t\t\t\t<\/div>\n\t\t\t\t<\/div>\n\t\t\t\t\t<\/div>\n\t\t\t\t<\/div>\n\t\t<div class=\"elementor-element elementor-element-7a88fb0 e-grid e-con-boxed e-con e-parent\" data-id=\"7a88fb0\" data-element_type=\"container\" data-e-type=\"container\">\n\t\t\t\t\t<div class=\"e-con-inner\">\n\t\t\t\t<div class=\"elementor-element elementor-element-2beaa1f4 elementor-widget elementor-widget-text-editor\" data-id=\"2beaa1f4\" data-element_type=\"widget\" data-e-type=\"widget\" data-widget_type=\"text-editor.default\">\n\t\t\t\t<div class=\"elementor-widget-container\">\n\t\t\t\t\t\t\t\t\t<p><span style=\"color: #14ddee;\"><strong>\u00a92025-2026 Angelverein Melchow e.V.<\/strong><\/span><\/p>\t\t\t\t\t\t\t\t<\/div>\n\t\t\t\t<\/div>\n\t\t\t\t<div class=\"elementor-element elementor-element-58210ee9 elementor-widget elementor-widget-text-editor\" data-id=\"58210ee9\" data-element_type=\"widget\" data-e-type=\"widget\" data-widget_type=\"text-editor.default\">\n\t\t\t\t<div class=\"elementor-widget-container\">\n\t\t\t\t\t\t\t\t\t<p style=\"text-align: right;\"><span style=\"color: #14ddee;\"><strong><a style=\"color: #14ddee;\" href=\"https:\/\/av-melchow.de\/?page_id=151\">Impressum<\/a>\u00a0 &#8211;\u00a0 <\/strong><a style=\"color: #14ddee;\" href=\"https:\/\/av-melchow.de\/?page_id=156\"><strong>Datenschutz<\/strong><\/a><\/span><\/p>\t\t\t\t\t\t\t\t<\/div>\n\t\t\t\t<\/div>\n\t\t\t\t\t<\/div>\n\t\t\t\t<\/div>\n\t\t\t\t<\/div>\n\t\t","protected":false},"excerpt":{"rendered":"<p>Satzung des Anglervereins Melchow e.V. \u00a71 Name, Sitz, Rechtsform Der Verein f\u00fchrt den Namen:Anglerverein Melchow e.V.im folgenden ,,Anglerverein (AV)&#8220; genannt.Er ist im Vereinsregister unter der Nummer VR 341 des Amts-\/Kreisgerichtes Bernau eingetragen. Der Sitz des Anglervereins ist Melchow. Der AV vertritt ausschlie\u00dflich gemeinn\u00fctzige Interessen. Er ist Mitglied des Kreisanglerverbandes Barnim e.V., dessen Satzung in der [&hellip;]<\/p>\n","protected":false},"author":2,"featured_media":0,"parent":0,"menu_order":0,"comment_status":"closed","ping_status":"closed","template":"","meta":{"footnotes":""},"class_list":["post-694","page","type-page","status-publish","hentry"],"_links":{"self":[{"href":"https:\/\/avmelchow.de\/index.php?rest_route=\/wp\/v2\/pages\/694","targetHints":{"allow":["GET"]}}],"collection":[{"href":"https:\/\/avmelchow.de\/index.php?rest_route=\/wp\/v2\/pages"}],"about":[{"href":"https:\/\/avmelchow.de\/index.php?rest_route=\/wp\/v2\/types\/page"}],"author":[{"embeddable":true,"href":"https:\/\/avmelchow.de\/index.php?rest_route=\/wp\/v2\/users\/2"}],"replies":[{"embeddable":true,"href":"https:\/\/avmelchow.de\/index.php?rest_route=%2Fwp%2Fv2%2Fcomments&post=694"}],"version-history":[{"count":19,"href":"https:\/\/avmelchow.de\/index.php?rest_route=\/wp\/v2\/pages\/694\/revisions"}],"predecessor-version":[{"id":1496,"href":"https:\/\/avmelchow.de\/index.php?rest_route=\/wp\/v2\/pages\/694\/revisions\/1496"}],"wp:attachment":[{"href":"https:\/\/avmelchow.de\/index.php?rest_route=%2Fwp%2Fv2%2Fmedia&parent=694"}],"curies":[{"name":"wp","href":"https:\/\/api.w.org\/{rel}","templated":true}]}}