{"id":857,"date":"2025-05-18T21:08:12","date_gmt":"2025-05-18T21:08:12","guid":{"rendered":"https:\/\/avmelchow.de\/?page_id=857"},"modified":"2026-01-25T12:52:29","modified_gmt":"2026-01-25T12:52:29","slug":"unsere-partner-und-sponsoren","status":"publish","type":"page","link":"https:\/\/avmelchow.de\/?page_id=857","title":{"rendered":"Unsere Partner und Sponsoren"},"content":{"rendered":"\t\t<div data-elementor-type=\"wp-page\" data-elementor-id=\"857\" class=\"elementor elementor-857\">\n\t\t\t\t<div class=\"elementor-element elementor-element-132c37e e-flex e-con-boxed e-con e-parent\" data-id=\"132c37e\" data-element_type=\"container\" data-e-type=\"container\" data-settings=\"{&quot;background_background&quot;:&quot;classic&quot;}\">\n\t\t\t\t\t<div class=\"e-con-inner\">\n\t\t<div class=\"elementor-element elementor-element-c804167 e-con-full e-flex e-con e-child\" data-id=\"c804167\" data-element_type=\"container\" data-e-type=\"container\">\n\t\t\t\t<div class=\"elementor-element elementor-element-b2afc6e elementor-widget elementor-widget-heading\" data-id=\"b2afc6e\" data-element_type=\"widget\" data-e-type=\"widget\" data-widget_type=\"heading.default\">\n\t\t\t\t<div class=\"elementor-widget-container\">\n\t\t\t\t\t<h2 class=\"elementor-heading-title elementor-size-default\">Partnerschaften und Sponsoren des AV Melchow e.V.<\/h2>\t\t\t\t<\/div>\n\t\t\t\t<\/div>\n\t\t\t\t<div class=\"elementor-element elementor-element-f018e07 elementor-widget elementor-widget-text-editor\" data-id=\"f018e07\" data-element_type=\"widget\" data-e-type=\"widget\" data-widget_type=\"text-editor.default\">\n\t\t\t\t<div class=\"elementor-widget-container\">\n\t\t\t\t\t\t\t\t\t<p>Der AV Melchow erfreut sich \u00fcber die Unterst\u00fctzung durch unsere Partner und Sponsoren, welche wir hier gern pr\u00e4sentieren und mit unserer Online-Platform bewerben m\u00f6chten.<strong><br \/><\/strong><\/p>\t\t\t\t\t\t\t\t<\/div>\n\t\t\t\t<\/div>\n\t\t\t\t<div class=\"elementor-element elementor-element-233ce5d elementor-widget-divider--view-line elementor-widget elementor-widget-divider\" data-id=\"233ce5d\" data-element_type=\"widget\" data-e-type=\"widget\" data-widget_type=\"divider.default\">\n\t\t\t\t<div class=\"elementor-widget-container\">\n\t\t\t\t\t\t\t<div class=\"elementor-divider\">\n\t\t\t<span class=\"elementor-divider-separator\">\n\t\t\t\t\t\t<\/span>\n\t\t<\/div>\n\t\t\t\t\t\t<\/div>\n\t\t\t\t<\/div>\n\t\t\t\t<\/div>\n\t\t<div class=\"elementor-element elementor-element-ee07946 e-con-full e-flex e-con e-child\" data-id=\"ee07946\" data-element_type=\"container\" data-e-type=\"container\">\n\t\t<div class=\"elementor-element elementor-element-bce02c2 e-con-full e-flex e-con e-child\" data-id=\"bce02c2\" data-element_type=\"container\" data-e-type=\"container\">\n\t\t\t\t<div class=\"elementor-element elementor-element-1a0e87c elementor-widget elementor-widget-image\" data-id=\"1a0e87c\" data-element_type=\"widget\" data-e-type=\"widget\" data-widget_type=\"image.default\">\n\t\t\t\t<div class=\"elementor-widget-container\">\n\t\t\t\t\t\t\t\t\t\t\t\t\t\t\t\t<a href=\"https:\/\/bauerlange.de\/\">\n\t\t\t\t\t\t\t<img decoding=\"async\" width=\"150\" height=\"150\" src=\"https:\/\/avmelchow.de\/wp-content\/uploads\/2025\/05\/bauernhof-lange-insel-ruegen-logo-150x150.png\" class=\"attachment-thumbnail size-thumbnail wp-image-862\" alt=\"\" srcset=\"https:\/\/avmelchow.de\/wp-content\/uploads\/2025\/05\/bauernhof-lange-insel-ruegen-logo-150x150.png 150w, https:\/\/avmelchow.de\/wp-content\/uploads\/2025\/05\/bauernhof-lange-insel-ruegen-logo-230x230.png 230w\" sizes=\"(max-width: 150px) 100vw, 150px\" \/>\t\t\t\t\t\t\t\t<\/a>\n\t\t\t\t\t\t\t\t\t\t\t\t\t\t\t<\/div>\n\t\t\t\t<\/div>\n\t\t\t\t<\/div>\n\t\t<div class=\"elementor-element elementor-element-8dd80ba e-con-full e-flex e-con e-child\" data-id=\"8dd80ba\" data-element_type=\"container\" data-e-type=\"container\">\n\t\t\t\t<div class=\"elementor-element elementor-element-8f80bb3 elementor-widget elementor-widget-text-editor\" data-id=\"8f80bb3\" data-element_type=\"widget\" data-e-type=\"widget\" data-widget_type=\"text-editor.default\">\n\t\t\t\t<div class=\"elementor-widget-container\">\n\t\t\t\t\t\t\t\t\t<h3><a href=\"https:\/\/bauerlange.de\/\"><strong>Bauer Lange<\/strong><\/a><\/h3><p><span class=\"relative -mx-px my-[-0.2rem] rounded px-px py-[0.2rem] transition-colors duration-100 ease-in-out\">Auf dem familiengef\u00fchrten Hof in Lieschow erwarten dich Traktorfahrten, Streicheltiere und ein buntes Mitmachprogramm f\u00fcr Gro\u00df und Klein.<\/span><br data-start=\"205\" data-end=\"208\" \/><span class=\"relative -mx-px my-[-0.2rem] rounded px-px py-[0.2rem] transition-colors duration-100 ease-in-out\">Genie\u00dfe regionale Spezialit\u00e4ten in der urigen Scheune und \u00fcbernachte in gem\u00fctlichen Ferienwohnungen oder Fachwerkwagen.<\/span><br data-start=\"245\" data-end=\"248\" \/><span class=\"relative -mx-px my-[-0.2rem] rounded px-px py-[0.2rem] transition-colors duration-100 ease-in-out\">Ein Ort, der Landwirtschaft, Gastfreundschaft und Naturerlebnis auf einzigartige Weise verbindet.<\/span><\/p>\t\t\t\t\t\t\t\t<\/div>\n\t\t\t\t<\/div>\n\t\t\t\t<\/div>\n\t\t\t\t<\/div>\n\t\t<div class=\"elementor-element elementor-element-4da85ce e-con-full e-flex e-con e-child\" data-id=\"4da85ce\" data-element_type=\"container\" data-e-type=\"container\">\n\t\t\t\t<div class=\"elementor-element elementor-element-a99b6a0 elementor-widget-divider--view-line elementor-widget elementor-widget-divider\" data-id=\"a99b6a0\" data-element_type=\"widget\" data-e-type=\"widget\" data-widget_type=\"divider.default\">\n\t\t\t\t<div class=\"elementor-widget-container\">\n\t\t\t\t\t\t\t<div class=\"elementor-divider\">\n\t\t\t<span class=\"elementor-divider-separator\">\n\t\t\t\t\t\t<\/span>\n\t\t<\/div>\n\t\t\t\t\t\t<\/div>\n\t\t\t\t<\/div>\n\t\t\t\t<\/div>\n\t\t<div class=\"elementor-element elementor-element-ea76ce2 e-con-full e-flex e-con e-child\" data-id=\"ea76ce2\" data-element_type=\"container\" data-e-type=\"container\">\n\t\t<div class=\"elementor-element elementor-element-3b98e10 e-con-full e-flex e-con e-child\" data-id=\"3b98e10\" data-element_type=\"container\" data-e-type=\"container\">\n\t\t\t\t<div class=\"elementor-element elementor-element-459c4a9 elementor-widget elementor-widget-image\" data-id=\"459c4a9\" data-element_type=\"widget\" data-e-type=\"widget\" data-widget_type=\"image.default\">\n\t\t\t\t<div class=\"elementor-widget-container\">\n\t\t\t\t\t\t\t\t\t\t\t\t\t\t\t\t<a href=\"https:\/\/www.zeck-fishing.com\/\">\n\t\t\t\t\t\t\t<img decoding=\"async\" width=\"234\" height=\"115\" src=\"https:\/\/avmelchow.de\/wp-content\/uploads\/2025\/05\/Zeck-Fishing.png\" class=\"attachment-medium size-medium wp-image-863\" alt=\"\" \/>\t\t\t\t\t\t\t\t<\/a>\n\t\t\t\t\t\t\t\t\t\t\t\t\t\t\t<\/div>\n\t\t\t\t<\/div>\n\t\t\t\t<\/div>\n\t\t<div class=\"elementor-element elementor-element-932cb7f e-con-full e-flex e-con e-child\" data-id=\"932cb7f\" data-element_type=\"container\" data-e-type=\"container\">\n\t\t\t\t<div class=\"elementor-element elementor-element-9d2ab9c elementor-widget elementor-widget-text-editor\" data-id=\"9d2ab9c\" data-element_type=\"widget\" data-e-type=\"widget\" data-widget_type=\"text-editor.default\">\n\t\t\t\t<div class=\"elementor-widget-container\">\n\t\t\t\t\t\t\t\t\t<h3><a href=\"https:\/\/www.zeck-fishing.com\/\"><strong>Zeck Fishing GmbH<\/strong><\/a><\/h3><p><span class=\"relative -mx-px my-[-0.2rem] rounded px-px py-[0.2rem] transition-colors duration-100 ease-in-out\">Gegr\u00fcndet von Carsten Zeck, bietet Zeck Fishing praxiserprobtes Angelzubeh\u00f6r f\u00fcr Wels- und Raubfischangler.<\/span><br data-start=\"214\" data-end=\"217\" \/><span class=\"relative -mx-px my-[-0.2rem] rounded px-px py-[0.2rem] transition-colors duration-100 ease-in-out\">Mit Fokus auf Qualit\u00e4t und Kundenn\u00e4he entstehen Produkte, die durch harte Testphasen gehen und von Anglern mitgestaltet werden.<\/span><br data-start=\"254\" data-end=\"257\" \/><span class=\"relative -mx-px my-[-0.2rem] rounded px-px py-[0.2rem] transition-colors duration-100 ease-in-out\">Ob Ruten, Rollen oder Zubeh\u00f6r \u2013 hier findest du durchdachtes Tackle, das h\u00e4lt, was es verspricht.<\/span><\/p>\t\t\t\t\t\t\t\t<\/div>\n\t\t\t\t<\/div>\n\t\t\t\t<\/div>\n\t\t\t\t<\/div>\n\t\t<div class=\"elementor-element elementor-element-033d5b0 e-con-full e-flex e-con e-child\" data-id=\"033d5b0\" data-element_type=\"container\" data-e-type=\"container\">\n\t\t\t\t<div class=\"elementor-element elementor-element-8b3af47 elementor-widget-divider--view-line elementor-widget elementor-widget-divider\" data-id=\"8b3af47\" data-element_type=\"widget\" data-e-type=\"widget\" data-widget_type=\"divider.default\">\n\t\t\t\t<div class=\"elementor-widget-container\">\n\t\t\t\t\t\t\t<div class=\"elementor-divider\">\n\t\t\t<span class=\"elementor-divider-separator\">\n\t\t\t\t\t\t<\/span>\n\t\t<\/div>\n\t\t\t\t\t\t<\/div>\n\t\t\t\t<\/div>\n\t\t\t\t<\/div>\n\t\t<div class=\"elementor-element elementor-element-08b8c46 e-con-full e-flex e-con e-child\" data-id=\"08b8c46\" data-element_type=\"container\" data-e-type=\"container\">\n\t\t<div class=\"elementor-element elementor-element-3dd8f09 e-con-full e-flex e-con e-child\" data-id=\"3dd8f09\" data-element_type=\"container\" data-e-type=\"container\">\n\t\t\t\t<div class=\"elementor-element elementor-element-7fe5f63 elementor-widget elementor-widget-image\" data-id=\"7fe5f63\" data-element_type=\"widget\" data-e-type=\"widget\" data-widget_type=\"image.default\">\n\t\t\t\t<div class=\"elementor-widget-container\">\n\t\t\t\t\t\t\t\t\t\t\t\t\t\t\t\t<a href=\"https:\/\/moritz-bb.de\/\">\n\t\t\t\t\t\t\t<img decoding=\"async\" width=\"300\" height=\"127\" src=\"https:\/\/avmelchow.de\/wp-content\/uploads\/2025\/05\/cropped-Logo-Moritz-v2-300x127.webp\" class=\"attachment-medium size-medium wp-image-864\" alt=\"\" srcset=\"https:\/\/avmelchow.de\/wp-content\/uploads\/2025\/05\/cropped-Logo-Moritz-v2-300x127.webp 300w, https:\/\/avmelchow.de\/wp-content\/uploads\/2025\/05\/cropped-Logo-Moritz-v2-768x324.webp 768w, https:\/\/avmelchow.de\/wp-content\/uploads\/2025\/05\/cropped-Logo-Moritz-v2-600x253.webp 600w, https:\/\/avmelchow.de\/wp-content\/uploads\/2025\/05\/cropped-Logo-Moritz-v2.webp 857w\" sizes=\"(max-width: 300px) 100vw, 300px\" \/>\t\t\t\t\t\t\t\t<\/a>\n\t\t\t\t\t\t\t\t\t\t\t\t\t\t\t<\/div>\n\t\t\t\t<\/div>\n\t\t\t\t<\/div>\n\t\t<div class=\"elementor-element elementor-element-f4ec6c2 e-con-full e-flex e-con e-child\" data-id=\"f4ec6c2\" data-element_type=\"container\" data-e-type=\"container\">\n\t\t\t\t<div class=\"elementor-element elementor-element-6ba6a32 elementor-widget elementor-widget-text-editor\" data-id=\"6ba6a32\" data-element_type=\"widget\" data-e-type=\"widget\" data-widget_type=\"text-editor.default\">\n\t\t\t\t<div class=\"elementor-widget-container\">\n\t\t\t\t\t\t\t\t\t<h3><a href=\"https:\/\/av-melchow.de\/?page_id=142\"><strong>Angelsport Moritz in Nauen<\/strong><\/a><\/h3><p><span class=\"relative -mx-px my-[-0.2rem] rounded px-px py-[0.2rem] transition-colors duration-100 ease-in-out\">Auf \u00fcber 1.000\u202fm\u00b2 bietet das Team rund um Kay Moritz alles, was Angler brauchen: von Ruten und Rollen bis zu frischen Naturk\u00f6dern.<\/span><br data-start=\"195\" data-end=\"198\" \/><span class=\"relative -mx-px my-[-0.2rem] rounded px-px py-[0.2rem] transition-colors duration-100 ease-in-out\">Mit pers\u00f6nlicher Beratung, regelm\u00e4\u00dfigen Events wie den Raubfischtagen und einem engagierten Team ist der Laden direkt an der A10 ein echtes Highlight f\u00fcr Angelfans.<\/span><br data-start=\"235\" data-end=\"238\" \/><span class=\"relative -mx-px my-[-0.2rem] rounded px-px py-[0.2rem] transition-colors duration-100 ease-in-out\">Besuche uns in Nauen und entdecke die Vielfalt \u2013 wir freuen uns auf dich!<\/span><\/p>\t\t\t\t\t\t\t\t<\/div>\n\t\t\t\t<\/div>\n\t\t\t\t<\/div>\n\t\t\t\t<\/div>\n\t\t<div class=\"elementor-element elementor-element-86a6c8b e-con-full e-flex e-con e-child\" data-id=\"86a6c8b\" data-element_type=\"container\" data-e-type=\"container\">\n\t\t\t\t<div class=\"elementor-element elementor-element-888cc35 elementor-widget-divider--view-line elementor-widget elementor-widget-divider\" data-id=\"888cc35\" data-element_type=\"widget\" data-e-type=\"widget\" data-widget_type=\"divider.default\">\n\t\t\t\t<div class=\"elementor-widget-container\">\n\t\t\t\t\t\t\t<div class=\"elementor-divider\">\n\t\t\t<span class=\"elementor-divider-separator\">\n\t\t\t\t\t\t<\/span>\n\t\t<\/div>\n\t\t\t\t\t\t<\/div>\n\t\t\t\t<\/div>\n\t\t\t\t<\/div>\n\t\t<div class=\"elementor-element elementor-element-e83f938 e-con-full e-flex e-con e-child\" data-id=\"e83f938\" data-element_type=\"container\" data-e-type=\"container\">\n\t\t<div class=\"elementor-element elementor-element-5c13222 e-con-full e-flex e-con e-child\" data-id=\"5c13222\" data-element_type=\"container\" data-e-type=\"container\">\n\t\t\t\t<div class=\"elementor-element elementor-element-3b79e77 elementor-widget elementor-widget-image\" data-id=\"3b79e77\" data-element_type=\"widget\" data-e-type=\"widget\" data-widget_type=\"image.default\">\n\t\t\t\t<div class=\"elementor-widget-container\">\n\t\t\t\t\t\t\t\t\t\t\t\t\t\t\t\t<a href=\"https:\/\/maerkisch-gruen.de\/\">\n\t\t\t\t\t\t\t<img decoding=\"async\" src=\"https:\/\/avmelchow.de\/wp-content\/uploads\/elementor\/thumbs\/35-Jahre-MG_PNG-Datei-2-r60b0qipzn1drms2yaf3skr5y5aadqzxoqfnojo50s.jpg\" title=\"35-Jahre-MG_PNG-Datei-2\" alt=\"35-Jahre-MG_PNG-Datei-2\" loading=\"lazy\" \/>\t\t\t\t\t\t\t\t<\/a>\n\t\t\t\t\t\t\t\t\t\t\t\t\t\t\t<\/div>\n\t\t\t\t<\/div>\n\t\t\t\t<\/div>\n\t\t<div class=\"elementor-element elementor-element-39e1932 e-con-full e-flex e-con e-child\" data-id=\"39e1932\" data-element_type=\"container\" data-e-type=\"container\">\n\t\t\t\t<div class=\"elementor-element elementor-element-c070dc6 elementor-widget elementor-widget-text-editor\" data-id=\"c070dc6\" data-element_type=\"widget\" data-e-type=\"widget\" data-widget_type=\"text-editor.default\">\n\t\t\t\t<div class=\"elementor-widget-container\">\n\t\t\t\t\t\t\t\t\t<h3><a href=\"https:\/\/maerkisch-gruen.de\"><strong>M\u00e4rkisch Gr\u00fcn GmbH<\/strong><\/a><\/h3><p>Seit 1990 gestaltet das Familienunternehmen aus Melchow mit \u00fcber 75 Mitarbeitenden gr\u00fcne Lebensr\u00e4ume in Berlin-Brandenburg.<br data-start=\"313\" data-end=\"316\" \/>Ob Garten- und Landschaftsbau, Spiel- und Sportplatzbau oder Pflegearbeiten \u2013 M\u00c4RKISCH GR\u00dcN steht f\u00fcr Qualit\u00e4t, Erfahrung und regionale Verbundenheit.<br data-start=\"466\" data-end=\"469\" \/>Ihr zuverl\u00e4ssiger Partner f\u00fcr nachhaltige Au\u00dfenanlagen.<\/p>\t\t\t\t\t\t\t\t<\/div>\n\t\t\t\t<\/div>\n\t\t\t\t<\/div>\n\t\t\t\t<\/div>\n\t\t<div class=\"elementor-element elementor-element-4f8deed e-con-full e-flex e-con e-child\" data-id=\"4f8deed\" data-element_type=\"container\" data-e-type=\"container\">\n\t\t\t\t<div class=\"elementor-element elementor-element-8be9659 elementor-widget-divider--view-line elementor-widget elementor-widget-divider\" data-id=\"8be9659\" data-element_type=\"widget\" data-e-type=\"widget\" data-widget_type=\"divider.default\">\n\t\t\t\t<div class=\"elementor-widget-container\">\n\t\t\t\t\t\t\t<div class=\"elementor-divider\">\n\t\t\t<span class=\"elementor-divider-separator\">\n\t\t\t\t\t\t<\/span>\n\t\t<\/div>\n\t\t\t\t\t\t<\/div>\n\t\t\t\t<\/div>\n\t\t\t\t<\/div>\n\t\t<div class=\"elementor-element elementor-element-3454c0a e-con-full e-flex e-con e-child\" data-id=\"3454c0a\" data-element_type=\"container\" data-e-type=\"container\">\n\t\t<div class=\"elementor-element elementor-element-9072c1a e-con-full e-flex e-con e-child\" data-id=\"9072c1a\" data-element_type=\"container\" data-e-type=\"container\">\n\t\t\t\t<div class=\"elementor-element elementor-element-284a7c9 elementor-widget elementor-widget-image\" data-id=\"284a7c9\" data-element_type=\"widget\" data-e-type=\"widget\" data-widget_type=\"image.default\">\n\t\t\t\t<div class=\"elementor-widget-container\">\n\t\t\t\t\t\t\t\t\t\t\t\t\t\t\t\t<a href=\"http:\/\/www.boote-winter.de\/\">\n\t\t\t\t\t\t\t<img decoding=\"async\" src=\"https:\/\/avmelchow.de\/wp-content\/uploads\/elementor\/thumbs\/Bootshandel-Winter-r60blb7kjqgf4cayc7cvg4havjrkwb32tywe03d7by.png\" title=\"Bootshandel-Winter\" alt=\"Bootshandel-Winter\" loading=\"lazy\" \/>\t\t\t\t\t\t\t\t<\/a>\n\t\t\t\t\t\t\t\t\t\t\t\t\t\t\t<\/div>\n\t\t\t\t<\/div>\n\t\t\t\t<\/div>\n\t\t<div class=\"elementor-element elementor-element-64d8c19 e-con-full e-flex e-con e-child\" data-id=\"64d8c19\" data-element_type=\"container\" data-e-type=\"container\">\n\t\t\t\t<div class=\"elementor-element elementor-element-08f49e9 elementor-widget elementor-widget-text-editor\" data-id=\"08f49e9\" data-element_type=\"widget\" data-e-type=\"widget\" data-widget_type=\"text-editor.default\">\n\t\t\t\t<div class=\"elementor-widget-container\">\n\t\t\t\t\t\t\t\t\t<h3><a href=\"https:\/\/maerkisch-gruen.de\"><strong>Frank Winters Bootshandel<\/strong><\/a><\/h3><p><span class=\"relative -mx-px my-[-0.2rem] rounded px-px py-[0.2rem] transition-colors duration-100 ease-in-out\">Seit \u00fcber 25 Jahren steht Boote Winter f\u00fcr kompetente Beratung, Verkauf und umfassenden Service rund ums Boot.<\/span><br data-start=\"224\" data-end=\"227\" \/><span class=\"relative -mx-px my-[-0.2rem] rounded px-px py-[0.2rem] transition-colors duration-100 ease-in-out\">Ob Neu- oder Gebrauchtboote, Reparaturen oder Winterlager \u2013 hier findest du alles aus einer Hand.<\/span><br data-start=\"264\" data-end=\"267\" \/><span class=\"relative -mx-px my-[-0.2rem] rounded px-px py-[0.2rem] transition-colors duration-100 ease-in-out\">Vertraue auf Erfahrung und Leidenschaft f\u00fcr den Wassersport.<\/span><\/p>\t\t\t\t\t\t\t\t<\/div>\n\t\t\t\t<\/div>\n\t\t\t\t<\/div>\n\t\t\t\t<\/div>\n\t\t<div class=\"elementor-element elementor-element-9138406 e-con-full e-flex e-con e-child\" data-id=\"9138406\" data-element_type=\"container\" data-e-type=\"container\">\n\t\t\t\t<div class=\"elementor-element elementor-element-d62be56 elementor-widget-divider--view-line elementor-widget elementor-widget-divider\" data-id=\"d62be56\" data-element_type=\"widget\" data-e-type=\"widget\" data-widget_type=\"divider.default\">\n\t\t\t\t<div class=\"elementor-widget-container\">\n\t\t\t\t\t\t\t<div class=\"elementor-divider\">\n\t\t\t<span class=\"elementor-divider-separator\">\n\t\t\t\t\t\t<\/span>\n\t\t<\/div>\n\t\t\t\t\t\t<\/div>\n\t\t\t\t<\/div>\n\t\t\t\t<\/div>\n\t\t\t\t\t<\/div>\n\t\t\t\t<\/div>\n\t\t<div class=\"elementor-element elementor-element-2b159840 e-grid e-con-boxed e-con e-parent\" data-id=\"2b159840\" data-element_type=\"container\" data-e-type=\"container\">\n\t\t\t\t\t<div class=\"e-con-inner\">\n\t\t\t\t<div class=\"elementor-element elementor-element-6eef20dd elementor-widget elementor-widget-text-editor\" data-id=\"6eef20dd\" data-element_type=\"widget\" data-e-type=\"widget\" data-widget_type=\"text-editor.default\">\n\t\t\t\t<div class=\"elementor-widget-container\">\n\t\t\t\t\t\t\t\t\t<p><span style=\"color: #14ddee;\"><strong>\u00a92025-2026 Angelverein Melchow e.V.<\/strong><\/span><\/p>\t\t\t\t\t\t\t\t<\/div>\n\t\t\t\t<\/div>\n\t\t\t\t<div class=\"elementor-element elementor-element-33ea5637 elementor-widget elementor-widget-text-editor\" data-id=\"33ea5637\" data-element_type=\"widget\" data-e-type=\"widget\" data-widget_type=\"text-editor.default\">\n\t\t\t\t<div class=\"elementor-widget-container\">\n\t\t\t\t\t\t\t\t\t<p style=\"text-align: right;\"><span style=\"color: #14ddee;\"><strong><a style=\"color: #14ddee;\" href=\"https:\/\/av-melchow.de\/?page_id=151\">Impressum<\/a>\u00a0 &#8211;\u00a0 <\/strong><a style=\"color: #14ddee;\" href=\"https:\/\/av-melchow.de\/?page_id=156\"><strong>Datenschutz<\/strong><\/a><\/span><\/p>\t\t\t\t\t\t\t\t<\/div>\n\t\t\t\t<\/div>\n\t\t\t\t\t<\/div>\n\t\t\t\t<\/div>\n\t\t\t\t<\/div>\n\t\t","protected":false},"excerpt":{"rendered":"<p>Partnerschaften und Sponsoren des AV Melchow e.V. Der AV Melchow erfreut sich \u00fcber die Unterst\u00fctzung durch unsere Partner und Sponsoren, welche wir hier gern pr\u00e4sentieren und mit unserer Online-Platform bewerben m\u00f6chten. Bauer Lange Auf dem familiengef\u00fchrten Hof in Lieschow erwarten dich Traktorfahrten, Streicheltiere und ein buntes Mitmachprogramm f\u00fcr Gro\u00df und Klein.Genie\u00dfe regionale Spezialit\u00e4ten in der [&hellip;]<\/p>\n","protected":false},"author":3,"featured_media":0,"parent":0,"menu_order":0,"comment_status":"closed","ping_status":"closed","template":"","meta":{"footnotes":""},"class_list":["post-857","page","type-page","status-publish","hentry"],"_links":{"self":[{"href":"https:\/\/avmelchow.de\/index.php?rest_route=\/wp\/v2\/pages\/857","targetHints":{"allow":["GET"]}}],"collection":[{"href":"https:\/\/avmelchow.de\/index.php?rest_route=\/wp\/v2\/pages"}],"about":[{"href":"https:\/\/avmelchow.de\/index.php?rest_route=\/wp\/v2\/types\/page"}],"author":[{"embeddable":true,"href":"https:\/\/avmelchow.de\/index.php?rest_route=\/wp\/v2\/users\/3"}],"replies":[{"embeddable":true,"href":"https:\/\/avmelchow.de\/index.php?rest_route=%2Fwp%2Fv2%2Fcomments&post=857"}],"version-history":[{"count":19,"href":"https:\/\/avmelchow.de\/index.php?rest_route=\/wp\/v2\/pages\/857\/revisions"}],"predecessor-version":[{"id":1488,"href":"https:\/\/avmelchow.de\/index.php?rest_route=\/wp\/v2\/pages\/857\/revisions\/1488"}],"wp:attachment":[{"href":"https:\/\/avmelchow.de\/index.php?rest_route=%2Fwp%2Fv2%2Fmedia&parent=857"}],"curies":[{"name":"wp","href":"https:\/\/api.w.org\/{rel}","templated":true}]}}